{"id":10655,"date":"2024-11-27T13:01:33","date_gmt":"2024-11-27T12:01:33","guid":{"rendered":"https:\/\/isabeyparfums.com\/?post_type=product&#038;p=10655"},"modified":"2025-12-12T11:41:02","modified_gmt":"2025-12-12T10:41:02","slug":"lys-noir-extrait","status":"publish","type":"product","link":"https:\/\/isabeyparfums.com\/fr\/product\/lys-noir-extrait\/","title":{"rendered":"Lys Noir Extrait"},"content":{"rendered":"<h2 style=\"text-align: center;\">NOTES DE T\u00caTE<\/h2>\n<p style=\"text-align: center;\"><em>Poivre Noir<\/em><\/p>\n<h2 style=\"text-align: center;\">NOTES DE C\u0152UR<\/h2>\n<p style=\"text-align: center;\"><em>Lys, Absolu de jasmin indien, Absolu de tub\u00e9reuse indienne, Absolu de gen\u00eat, Essence d'ylang<\/em><\/p>\n<h2 style=\"text-align: center;\">NOTES DE FOND<\/h2>\n<p style=\"text-align: center;\"><em>Vanille, Essence de Bois de Santal, Encens, Bois de Cashmeran, Ambre<\/em><\/p>\n<h2 style=\"text-align: center;\">La Fragrance<\/h2>\n<p style=\"text-align: center;\">Lys Noir Extrait brings out the seductive power of the original \u2018Perle de Lys Noir\u2019, enriched with higher concentrations of Iris, Tuberose, and Lily, allowing it to flourish with intense grace and allure.<\/p>\n<h3><em>Lys Noir l'extrait par Isabey:<\/em><\/h3>\n<p style=\"text-align: center;\">Lys Noir Extrait offre une expression plus riche et plus intense de la composition originale, soulignant l\u2019attrait myst\u00e9rieux de ses accords floraux et bois\u00e9s.<\/p>\n<p style=\"text-align: center;\">Le parfum s'ouvre sur une note subtile mais intrigante de poivre noir, ajoutant une touche \u00e9pic\u00e9e qui ouvre la voie \u00e0 un c\u0153ur opulent. En son c\u0153ur, un bouquet de lys, d'absolu de jasmin indien, d'absolu de tub\u00e9reuse indienne, d'absolu de gen\u00eat et d'essence d'ylang cr\u00e9e un arrangement floral capiteux et sophistiqu\u00e9. Ces notes se m\u00e9langent harmonieusement pour \u00e9voquer une atmosph\u00e8re d'\u00e9l\u00e9gance et d'intrigue.<\/p>\n<p style=\"text-align: center;\">The base is warm and deeply textured, featuring Vanilla, Sandalwood Essence, Incense, Cashmere Woods, and Amber. This combination adds depth and a smoky sweetness, enhancing the fragrance\u2019s complexity and giving it a lasting, enveloping presence.<\/p>\n<p style=\"text-align: center;\">Tout en restant fid\u00e8le \u00e0 la structure de l'original, Lys Noir Extrait amplifie ses facettes plus sombres et plus opulentes. Le r\u00e9sultat est un parfum qui respire le raffinement et le myst\u00e8re, avec un sillage persistant qui laisse une impression captivante.<\/p>\n<p style=\"text-align: center;\">Envie d'essayer avant ? D\u00e9couvrez <a href=\"https:\/\/isabeyparfums.com\/en\/product\/lys-noir\/\">Lys Noir en version Eau de Parfum<\/a>, disponible en \u00e9chantillon dans\u00a0<a href=\"https:\/\/isabeyparfums.com\/en\/product\/isabeys-discovery-set\/\">Isabey\u2019s Discovery Set<\/a>.<\/p>\n<p style=\"text-align: center;\">Extrait de Parfum en vaporisateur\u00a0: 50 ml<\/p>\n<p style=\"text-align: center;\" class=\" translation-block\">Parfumeur : <a href=\"https:\/\/isabeyparfums.com\/our-perfumers\/\" target=\"_self\">Jean Jacques<\/a><\/p>","protected":false},"excerpt":{"rendered":"<h2><strong>L'Histoire<\/strong><\/h2>\n<p><span style=\"font-weight: 400;\">As Isabey celebrates its 100th anniversary, it also honors the legacy of Le Collier d\u2019Isabey, first unveiled at the 1925 Paris Art Deco Exhibition. In homage to its heritage, the house continues to use its signature pearly-shaped bottles for the newly re-edited Extraits Collection. <\/span><span style=\"font-weight: 400;\"><br \/>\n<\/span><span style=\"font-weight: 400;\"><br \/>\n<\/span><span style=\"font-weight: 400;\">These new extracts offer a continuation and a more intensified, higher-concentrated expression of their Eau de Parfum versions, embodying the artistry and refinement that have defined the house for a century. Inspired by the original pearly-shaped bottles, Isabey&#8217;s Extraits Collection brings today\u2019s wearers closer to its storied past, blending the house\u2019s rich history with a modern elegance.<\/span><\/p>\n<h2><\/h2>\n<p>&nbsp;<\/p>\n<h2 style=\"text-align: center;\"><strong>Discover the Eau de Parfum Version&#8230;<\/strong><\/h2>\n<figure id=\"attachment_13234\" aria-describedby=\"caption-attachment-13234\" style=\"width: 300px\" class=\"wp-caption aligncenter\"><a href=\"https:\/\/isabeyparfums.com\/product\/lys-noir\/\"><img fetchpriority=\"high\" decoding=\"async\" class=\"wp-image-13234 size-medium\" src=\"https:\/\/isabeyparfums.com\/wp-content\/uploads\/2022\/04\/SD-Lys-Noir-50ml-300x300.webp?crop=1\" alt=\"Lys Noir Isabey Parfum Jean Jacques\" width=\"300\" height=\"300\" srcset=\"https:\/\/i0.wp.com\/isabeyparfums.com\/wp-content\/uploads\/2022\/04\/SD-Lys-Noir-50ml.webp?resize=300%2C300&amp;ssl=1 300w, https:\/\/i0.wp.com\/isabeyparfums.com\/wp-content\/uploads\/2022\/04\/SD-Lys-Noir-50ml.webp?resize=1024%2C1024&amp;ssl=1 1024w, https:\/\/i0.wp.com\/isabeyparfums.com\/wp-content\/uploads\/2022\/04\/SD-Lys-Noir-50ml.webp?resize=150%2C150&amp;ssl=1 150w, https:\/\/i0.wp.com\/isabeyparfums.com\/wp-content\/uploads\/2022\/04\/SD-Lys-Noir-50ml.webp?resize=768%2C768&amp;ssl=1 768w, https:\/\/i0.wp.com\/isabeyparfums.com\/wp-content\/uploads\/2022\/04\/SD-Lys-Noir-50ml.webp?resize=12%2C12&amp;ssl=1 12w, https:\/\/i0.wp.com\/isabeyparfums.com\/wp-content\/uploads\/2022\/04\/SD-Lys-Noir-50ml.webp?resize=600%2C600&amp;ssl=1 600w, https:\/\/i0.wp.com\/isabeyparfums.com\/wp-content\/uploads\/2022\/04\/SD-Lys-Noir-50ml.webp?resize=100%2C100&amp;ssl=1 100w, https:\/\/i0.wp.com\/isabeyparfums.com\/wp-content\/uploads\/2022\/04\/SD-Lys-Noir-50ml.webp?w=1200&amp;ssl=1 1200w\" sizes=\"(max-width: 300px) 100vw, 300px\" \/><\/a><figcaption id=\"caption-attachment-13234\" class=\"wp-caption-text\">Lys Noir Isabey Parfum Jean Jacques<\/figcaption><\/figure>","protected":false},"featured_media":6646,"template":"","meta":{"jetpack_publicize_message":"","jetpack_publicize_feature_enabled":true,"jetpack_social_post_already_shared":true,"jetpack_social_options":{"image_generator_settings":{"template":"highway","default_image_id":0,"font":"","enabled":false},"version":2}},"product_brand":[],"product_cat":[6394],"product_tag":[6439],"class_list":{"0":"post-10655","1":"product","2":"type-product","3":"status-publish","4":"has-post-thumbnail","6":"product_cat-extrait-de-parfum","7":"product_tag-lys-noir-extrait","8":"product_shipping_class-eq-dhl","10":"first","11":"instock","12":"taxable","13":"shipping-taxable","14":"purchasable","15":"product-type-simple"},"yoast_head":"<!-- This site is optimized with the Yoast SEO Premium plugin v27.5 (Yoast SEO v27.5) - https:\/\/yoast.com\/product\/yoast-seo-premium-wordpress\/ -->\n<title>Lys Noir Extrait by Isabey | Official Isabey Boutique | Boutique Officielle<\/title>\n<meta name=\"description\" content=\"Discover the Lys Noir Extrait on the Official Isabey Online Boutique | A seductive extract around the Lily flower | Niche French Perfumery since 1924\" \/>\n<meta name=\"robots\" content=\"index, follow, max-snippet:-1, max-image-preview:large, max-video-preview:-1\" \/>\n<link rel=\"canonical\" href=\"https:\/\/isabeyparfums.com\/fr\/produit-2\/lys-noir-extrait\/\" \/>\n<meta property=\"og:locale\" content=\"fr_FR\" \/>\n<meta property=\"og:type\" content=\"article\" \/>\n<meta property=\"og:title\" content=\"Lys Noir Extrait\" \/>\n<meta property=\"og:description\" content=\"Discover the Lys Noir Extrait on the Official Isabey Online Boutique | A seductive extract around the Lily flower | Niche French Perfumery since 1924\" \/>\n<meta property=\"og:url\" content=\"https:\/\/isabeyparfums.com\/fr\/produit-2\/lys-noir-extrait\/\" \/>\n<meta property=\"og:site_name\" content=\"Isabey\" \/>\n<meta property=\"article:publisher\" content=\"https:\/\/fr-fr.facebook.com\/isabeyparisparfums\/\" \/>\n<meta property=\"article:modified_time\" content=\"2025-12-12T10:41:02+00:00\" \/>\n<meta property=\"og:image\" content=\"https:\/\/isabeyparfums.com\/wp-content\/uploads\/2023\/07\/Perle-LN-2.jpg\" \/>\n\t<meta property=\"og:image:width\" content=\"1078\" \/>\n\t<meta property=\"og:image:height\" content=\"1200\" \/>\n\t<meta property=\"og:image:type\" content=\"image\/jpeg\" \/>\n<meta name=\"twitter:card\" content=\"summary_large_image\" \/>\n<meta name=\"twitter:label1\" content=\"Dur\u00e9e de lecture estim\u00e9e\" \/>\n\t<meta name=\"twitter:data1\" content=\"2 minutes\" \/>\n<script type=\"application\/ld+json\" class=\"yoast-schema-graph\">{\"@context\":\"https:\\\/\\\/schema.org\",\"@graph\":[{\"@type\":\"WebPage\",\"@id\":\"https:\\\/\\\/isabeyparfums.com\\\/product\\\/lys-noir-extrait\\\/\",\"url\":\"https:\\\/\\\/isabeyparfums.com\\\/product\\\/lys-noir-extrait\\\/\",\"name\":\"Lys Noir Extrait by Isabey | Official Isabey Boutique | Boutique Officielle\",\"isPartOf\":{\"@id\":\"https:\\\/\\\/isabeyparfums.com\\\/en\\\/#website\"},\"primaryImageOfPage\":{\"@id\":\"https:\\\/\\\/isabeyparfums.com\\\/product\\\/lys-noir-extrait\\\/#primaryimage\"},\"image\":{\"@id\":\"https:\\\/\\\/isabeyparfums.com\\\/product\\\/lys-noir-extrait\\\/#primaryimage\"},\"thumbnailUrl\":\"https:\\\/\\\/i0.wp.com\\\/isabeyparfums.com\\\/wp-content\\\/uploads\\\/2023\\\/07\\\/Perle-LN-2.jpg?fit=1078%2C1200&ssl=1\",\"datePublished\":\"2024-11-27T12:01:33+00:00\",\"dateModified\":\"2025-12-12T10:41:02+00:00\",\"description\":\"Discover the Lys Noir Extrait on the Official Isabey Online Boutique | A seductive extract around the Lily flower | Niche French Perfumery since 1924\",\"breadcrumb\":{\"@id\":\"https:\\\/\\\/isabeyparfums.com\\\/product\\\/lys-noir-extrait\\\/#breadcrumb\"},\"inLanguage\":\"fr-FR\",\"potentialAction\":[{\"@type\":\"ReadAction\",\"target\":[\"https:\\\/\\\/isabeyparfums.com\\\/product\\\/lys-noir-extrait\\\/\"]}]},{\"@type\":\"ImageObject\",\"inLanguage\":\"fr-FR\",\"@id\":\"https:\\\/\\\/isabeyparfums.com\\\/product\\\/lys-noir-extrait\\\/#primaryimage\",\"url\":\"https:\\\/\\\/i0.wp.com\\\/isabeyparfums.com\\\/wp-content\\\/uploads\\\/2023\\\/07\\\/Perle-LN-2.jpg?fit=1078%2C1200&ssl=1\",\"contentUrl\":\"https:\\\/\\\/i0.wp.com\\\/isabeyparfums.com\\\/wp-content\\\/uploads\\\/2023\\\/07\\\/Perle-LN-2.jpg?fit=1078%2C1200&ssl=1\",\"width\":1078,\"height\":1200,\"caption\":\"Isabey Paris Lys Noir Extrait de Parfum\"},{\"@type\":\"BreadcrumbList\",\"@id\":\"https:\\\/\\\/isabeyparfums.com\\\/product\\\/lys-noir-extrait\\\/#breadcrumb\",\"itemListElement\":[{\"@type\":\"ListItem\",\"position\":1,\"name\":\"Home\",\"item\":\"https:\\\/\\\/isabeyparfums.com\\\/en\\\/\"},{\"@type\":\"ListItem\",\"position\":2,\"name\":\"Products\",\"item\":\"https:\\\/\\\/isabeyparfums.com\\\/parfums\\\/\"},{\"@type\":\"ListItem\",\"position\":3,\"name\":\"Lys Noir Extrait\"}]},{\"@type\":\"WebSite\",\"@id\":\"https:\\\/\\\/isabeyparfums.com\\\/en\\\/#website\",\"url\":\"https:\\\/\\\/isabeyparfums.com\\\/en\\\/\",\"name\":\"Isabey\",\"description\":\"Parfumeur \u00e0 Paris depuis 1924\",\"publisher\":{\"@id\":\"https:\\\/\\\/isabeyparfums.com\\\/en\\\/#organization\"},\"alternateName\":\"Isabey Parfums\",\"potentialAction\":[{\"@type\":\"SearchAction\",\"target\":{\"@type\":\"EntryPoint\",\"urlTemplate\":\"https:\\\/\\\/isabeyparfums.com\\\/en\\\/?s={search_term_string}\"},\"query-input\":{\"@type\":\"PropertyValueSpecification\",\"valueRequired\":true,\"valueName\":\"search_term_string\"}}],\"inLanguage\":\"fr-FR\"},{\"@type\":\"Organization\",\"@id\":\"https:\\\/\\\/isabeyparfums.com\\\/en\\\/#organization\",\"name\":\"Isabey Parfums\",\"alternateName\":\"Isabey\",\"url\":\"https:\\\/\\\/isabeyparfums.com\\\/en\\\/\",\"logo\":{\"@type\":\"ImageObject\",\"inLanguage\":\"fr-FR\",\"@id\":\"https:\\\/\\\/isabeyparfums.com\\\/en\\\/#\\\/schema\\\/logo\\\/image\\\/\",\"url\":\"https:\\\/\\\/isabeyparfums.com\\\/wp-content\\\/uploads\\\/2022\\\/04\\\/625a2478-c74b-4a71-8570-7ded00683c09-e1699630971225.webp\",\"contentUrl\":\"https:\\\/\\\/isabeyparfums.com\\\/wp-content\\\/uploads\\\/2022\\\/04\\\/625a2478-c74b-4a71-8570-7ded00683c09-e1699630971225.webp\",\"width\":1280,\"height\":625,\"caption\":\"Isabey Parfums\"},\"image\":{\"@id\":\"https:\\\/\\\/isabeyparfums.com\\\/en\\\/#\\\/schema\\\/logo\\\/image\\\/\"},\"sameAs\":[\"https:\\\/\\\/fr-fr.facebook.com\\\/isabeyparisparfums\\\/\",\"https:\\\/\\\/www.instagram.com\\\/isabeyparisparfums\\\/?hl\"]}]}<\/script>\n<!-- \/ Yoast SEO Premium plugin. -->","yoast_head_json":{"title":"Lys Noir Extrait by Isabey | Official Isabey Boutique | Boutique Officielle","description":"Discover the Lys Noir Extrait on the Official Isabey Online Boutique | A seductive extract around the Lily flower | Niche French Perfumery since 1924","robots":{"index":"index","follow":"follow","max-snippet":"max-snippet:-1","max-image-preview":"max-image-preview:large","max-video-preview":"max-video-preview:-1"},"canonical":"https:\/\/isabeyparfums.com\/fr\/produit-2\/lys-noir-extrait\/","og_locale":"fr_FR","og_type":"article","og_title":"Lys Noir Extrait","og_description":"Discover the Lys Noir Extrait on the Official Isabey Online Boutique | A seductive extract around the Lily flower | Niche French Perfumery since 1924","og_url":"https:\/\/isabeyparfums.com\/fr\/produit-2\/lys-noir-extrait\/","og_site_name":"Isabey","article_publisher":"https:\/\/fr-fr.facebook.com\/isabeyparisparfums\/","article_modified_time":"2025-12-12T10:41:02+00:00","og_image":[{"width":1078,"height":1200,"url":"https:\/\/isabeyparfums.com\/wp-content\/uploads\/2023\/07\/Perle-LN-2.jpg","type":"image\/jpeg"}],"twitter_card":"summary_large_image","twitter_misc":{"Dur\u00e9e de lecture estim\u00e9e":"2 minutes"},"schema":{"@context":"https:\/\/schema.org","@graph":[{"@type":"WebPage","@id":"https:\/\/isabeyparfums.com\/product\/lys-noir-extrait\/","url":"https:\/\/isabeyparfums.com\/product\/lys-noir-extrait\/","name":"Lys Noir Extrait by Isabey | Official Isabey Boutique | Boutique Officielle","isPartOf":{"@id":"https:\/\/isabeyparfums.com\/en\/#website"},"primaryImageOfPage":{"@id":"https:\/\/isabeyparfums.com\/product\/lys-noir-extrait\/#primaryimage"},"image":{"@id":"https:\/\/isabeyparfums.com\/product\/lys-noir-extrait\/#primaryimage"},"thumbnailUrl":"https:\/\/i0.wp.com\/isabeyparfums.com\/wp-content\/uploads\/2023\/07\/Perle-LN-2.jpg?fit=1078%2C1200&ssl=1","datePublished":"2024-11-27T12:01:33+00:00","dateModified":"2025-12-12T10:41:02+00:00","description":"Discover the Lys Noir Extrait on the Official Isabey Online Boutique | A seductive extract around the Lily flower | Niche French Perfumery since 1924","breadcrumb":{"@id":"https:\/\/isabeyparfums.com\/product\/lys-noir-extrait\/#breadcrumb"},"inLanguage":"fr-FR","potentialAction":[{"@type":"ReadAction","target":["https:\/\/isabeyparfums.com\/product\/lys-noir-extrait\/"]}]},{"@type":"ImageObject","inLanguage":"fr-FR","@id":"https:\/\/isabeyparfums.com\/product\/lys-noir-extrait\/#primaryimage","url":"https:\/\/i0.wp.com\/isabeyparfums.com\/wp-content\/uploads\/2023\/07\/Perle-LN-2.jpg?fit=1078%2C1200&ssl=1","contentUrl":"https:\/\/i0.wp.com\/isabeyparfums.com\/wp-content\/uploads\/2023\/07\/Perle-LN-2.jpg?fit=1078%2C1200&ssl=1","width":1078,"height":1200,"caption":"Isabey Paris Lys Noir Extrait de Parfum"},{"@type":"BreadcrumbList","@id":"https:\/\/isabeyparfums.com\/product\/lys-noir-extrait\/#breadcrumb","itemListElement":[{"@type":"ListItem","position":1,"name":"Home","item":"https:\/\/isabeyparfums.com\/en\/"},{"@type":"ListItem","position":2,"name":"Products","item":"https:\/\/isabeyparfums.com\/parfums\/"},{"@type":"ListItem","position":3,"name":"Lys Noir Extrait"}]},{"@type":"WebSite","@id":"https:\/\/isabeyparfums.com\/en\/#website","url":"https:\/\/isabeyparfums.com\/en\/","name":"Isabey","description":"Parfumeur \u00e0 Paris depuis 1924","publisher":{"@id":"https:\/\/isabeyparfums.com\/en\/#organization"},"alternateName":"Isabey Parfums","potentialAction":[{"@type":"SearchAction","target":{"@type":"EntryPoint","urlTemplate":"https:\/\/isabeyparfums.com\/en\/?s={search_term_string}"},"query-input":{"@type":"PropertyValueSpecification","valueRequired":true,"valueName":"search_term_string"}}],"inLanguage":"fr-FR"},{"@type":"Organization","@id":"https:\/\/isabeyparfums.com\/en\/#organization","name":"Isabey Parfums","alternateName":"Isabey","url":"https:\/\/isabeyparfums.com\/en\/","logo":{"@type":"ImageObject","inLanguage":"fr-FR","@id":"https:\/\/isabeyparfums.com\/en\/#\/schema\/logo\/image\/","url":"https:\/\/isabeyparfums.com\/wp-content\/uploads\/2022\/04\/625a2478-c74b-4a71-8570-7ded00683c09-e1699630971225.webp","contentUrl":"https:\/\/isabeyparfums.com\/wp-content\/uploads\/2022\/04\/625a2478-c74b-4a71-8570-7ded00683c09-e1699630971225.webp","width":1280,"height":625,"caption":"Isabey Parfums"},"image":{"@id":"https:\/\/isabeyparfums.com\/en\/#\/schema\/logo\/image\/"},"sameAs":["https:\/\/fr-fr.facebook.com\/isabeyparisparfums\/","https:\/\/www.instagram.com\/isabeyparisparfums\/?hl"]}]}},"jetpack_publicize_connections":[],"jetpack_likes_enabled":true,"jetpack_sharing_enabled":true,"jetpack-related-posts":[],"_links":{"self":[{"href":"https:\/\/isabeyparfums.com\/fr\/wp-json\/wp\/v2\/product\/10655","targetHints":{"allow":["GET"]}}],"collection":[{"href":"https:\/\/isabeyparfums.com\/fr\/wp-json\/wp\/v2\/product"}],"about":[{"href":"https:\/\/isabeyparfums.com\/fr\/wp-json\/wp\/v2\/types\/product"}],"version-history":[{"count":16,"href":"https:\/\/isabeyparfums.com\/fr\/wp-json\/wp\/v2\/product\/10655\/revisions"}],"predecessor-version":[{"id":13494,"href":"https:\/\/isabeyparfums.com\/fr\/wp-json\/wp\/v2\/product\/10655\/revisions\/13494"}],"wp:featuredmedia":[{"embeddable":true,"href":"https:\/\/isabeyparfums.com\/fr\/wp-json\/wp\/v2\/media\/6646"}],"wp:attachment":[{"href":"https:\/\/isabeyparfums.com\/fr\/wp-json\/wp\/v2\/media?parent=10655"}],"wp:term":[{"taxonomy":"product_brand","embeddable":true,"href":"https:\/\/isabeyparfums.com\/fr\/wp-json\/wp\/v2\/product_brand?post=10655"},{"taxonomy":"product_cat","embeddable":true,"href":"https:\/\/isabeyparfums.com\/fr\/wp-json\/wp\/v2\/product_cat?post=10655"},{"taxonomy":"product_tag","embeddable":true,"href":"https:\/\/isabeyparfums.com\/fr\/wp-json\/wp\/v2\/product_tag?post=10655"}],"curies":[{"name":"wp","href":"https:\/\/api.w.org\/{rel}","templated":true}]}}