{"id":24,"date":"2022-04-23T19:18:02","date_gmt":"2022-04-23T17:18:02","guid":{"rendered":"https:\/\/isabeyparfums.com\/?post_type=product&#038;p=24"},"modified":"2026-03-31T12:17:04","modified_gmt":"2026-03-31T10:17:04","slug":"gardenia","status":"publish","type":"product","link":"https:\/\/isabeyparfums.com\/fr\/product\/gardenia\/","title":{"rendered":"Gard\u00e9nia"},"content":{"rendered":"<h2 style=\"text-align: center;\">\u00a0NOTES DE T\u00caTE<\/h2>\n<p style=\"text-align: center;\"><em>Mandarine d'Italie, Essence d'Ylang Ylang, Absolu de Fleur d'Oranger<\/em><\/p>\n<h2 style=\"text-align: center;\">NOTES DE C\u0152UR<\/h2>\n<p style=\"text-align: center;\"><em>Rose Bulgare, Absolue de Jasmin, Gard\u00e9nia, Iris<\/em><\/p>\n<h2 style=\"text-align: center;\">NOTES DE FOND<\/h2>\n<p style=\"text-align: center;\"><em>Musc, essence de santal indien, ambre gris<\/em><\/p>\n<h2 style=\"text-align: center;\">La Fragrance<\/h2>\n<p style=\"text-align: center;\"><span style=\"font-size: 16px; font-weight: 400; text-align: center;\">Doux et velout\u00e9, chaleureux et enveloppant, c'est un parfum riche, capiteux et inoubliable d'Isabey.<\/span><\/p>\n<h3><em>Gard\u00e9nia by Isabey<\/em>:<\/h3>\n<section id=\"gardenia\" class=\"elementor-section elementor-top-section elementor-element elementor-element-bb08775 elementor-section-boxed elementor-section-height-default elementor-section-height-default\" data-id=\"bb08775\" data-element_type=\"section\">\n<div class=\"elementor-container elementor-column-gap-default\">\n<div class=\"elementor-column elementor-col-100 elementor-top-column elementor-element elementor-element-b373f55\" data-id=\"b373f55\" data-element_type=\"column\">\n<div class=\"elementor-widget-wrap elementor-element-populated\">\n<div class=\"elementor-element elementor-element-7fb8141 elementor-widget elementor-widget-text-editor\" data-id=\"7fb8141\" data-element_type=\"widget\" data-widget_type=\"text-editor.default\">\n<div class=\"elementor-widget-container\">\n<p style=\"text-align: center;\">Gard\u00e9nia, quintessence de l'\u00e9l\u00e9gance en parfumerie, captive par son parfum cr\u00e9meux et envo\u00fbtant, \u00e9voquant une allure et une gr\u00e2ce intemporelles. Une fleur blanche captivante et puissante connue pour son parfum doux, persistant et floral, avec de d\u00e9licieuses nuances fruit\u00e9es. Malgr\u00e9 son parfum s\u00e9duisant, cette fleur pose un d\u00e9fi unique dans le monde de la parfumerie. Paradoxalement, elle reste insaisissable et difficile \u00e0 capturer fid\u00e8lement par les techniques traditionnelles de distillation ou d'extraction.<\/p>\n<\/div>\n<\/div>\n<\/div>\n<\/div>\n<\/div>\n<\/section>\n<p style=\"text-align: center;\">Truly luxurious, Gard\u00e9nia by Isabey is a rare scent that perfectly captures the very essence of a solitary bloom. Stunningly true to the flower, the essential oil is made with pure Gardenia extract, complemented by some of nature\u2019s most captivating aromas, including Bulgarian Rose, Jasmine, Ylang-ylang, Orange Blossom, Grey Amber, and Tangerine Bark.<\/p>\n<p style=\"text-align: center;\">Le parfum vous embarque dans un voyage olfactif floral blanc et ambr\u00e9. Capiteux, mais \u00e9tonnamment doux, sensuel et chaleureux, il ne fait aucun doute qu'il s'agit d'un parfum unique et intemporel.<\/p>\n<p style=\"text-align: center;\">Natural Spray Eau de Parfum: 50ml \/ 1.7 oz | 20ml \/ 0.67 oz | 10 ml \/ 0.03 oz<\/p>\n<p style=\"text-align: center;\" class=\" translation-block\">Parfumeur\u00a0: <a href=\"https:\/\/isabeyparfums.com\/our-perfumers\/\" target=\"_self\">Jean Jacques<\/a><\/p>","protected":false},"excerpt":{"rendered":"<h2><img fetchpriority=\"high\" decoding=\"async\" class=\"size-medium wp-image-9754 aligncenter\" src=\"https:\/\/isabeyparfums.com\/wp-content\/uploads\/2022\/04\/MG_4949-copie-1-300x263.webp\" alt=\"Gardenia perfume by Isabey Paris\" width=\"300\" height=\"263\" srcset=\"https:\/\/i0.wp.com\/isabeyparfums.com\/wp-content\/uploads\/2022\/04\/MG_4949-copie-1.webp?resize=300%2C263&amp;ssl=1 300w, https:\/\/i0.wp.com\/isabeyparfums.com\/wp-content\/uploads\/2022\/04\/MG_4949-copie-1.webp?resize=1024%2C898&amp;ssl=1 1024w, https:\/\/i0.wp.com\/isabeyparfums.com\/wp-content\/uploads\/2022\/04\/MG_4949-copie-1.webp?resize=768%2C674&amp;ssl=1 768w, https:\/\/i0.wp.com\/isabeyparfums.com\/wp-content\/uploads\/2022\/04\/MG_4949-copie-1.webp?resize=1536%2C1347&amp;ssl=1 1536w, https:\/\/i0.wp.com\/isabeyparfums.com\/wp-content\/uploads\/2022\/04\/MG_4949-copie-1.webp?resize=2048%2C1797&amp;ssl=1 2048w, https:\/\/i0.wp.com\/isabeyparfums.com\/wp-content\/uploads\/2022\/04\/MG_4949-copie-1.webp?resize=14%2C12&amp;ssl=1 14w, https:\/\/i0.wp.com\/isabeyparfums.com\/wp-content\/uploads\/2022\/04\/MG_4949-copie-1.webp?resize=600%2C526&amp;ssl=1 600w, https:\/\/i0.wp.com\/isabeyparfums.com\/wp-content\/uploads\/2022\/04\/MG_4949-copie-1.webp?w=1600&amp;ssl=1 1600w, https:\/\/i0.wp.com\/isabeyparfums.com\/wp-content\/uploads\/2022\/04\/MG_4949-copie-1.webp?w=2400&amp;ssl=1 2400w\" sizes=\"(max-width: 300px) 100vw, 300px\" \/><\/h2>\n<h2>L'Histoire<\/h2>\n<p>Launched in 1926, Le Gard\u00e9nia by Isabey is considered one of the most prestigious of its kind in the world. Among the rarest sixty fragrances in the book \u201cScentfully Precious\u201d of J-M Martin-Hattemberg, Le Gard\u00e9nia is known for its distinguished match of bottle drawn by Julien Viard and jewel case-like box elaborated by Sorys.<\/p>\n<p>Le Gard\u00e9nia d\u2019Isabey est l\u2019ultime chef-d\u2019\u0153uvre parmi les parfums de gard\u00e9nia, un v\u00e9ritable \u00ab Rembrandt \u00bb de la famille. Lumineux et sensuel, il capture l\u2019essence v\u00e9ritable de cette fleur envo\u00fbtante \u2014 comme si l\u2019on tenait dans la main sa corolle blanche \u00e9clatante.<\/p>\n<p>A limited edition of 1500 pieces of the \u201cGardenia\u201d pearl \u2013 sold out \u2013 was produced in 1999 by <a href=\"https:\/\/www.panouge.com\/\">Panouge<\/a>Cependant, afin de satisfaire les amateurs de ce grand parfum, une s\u00e9rie de sprays naturels a \u00e9t\u00e9 lanc\u00e9e en 2002. La couleur or choisie pour cette version est devenue embl\u00e9matique de Gardenia et a donc \u00e9t\u00e9 conserv\u00e9e dans la version de 2017.<\/p>\n<p>Adore Isabey&#8217;s Gard\u00e9nia? Discover the <a href=\"https:\/\/isabeyparfums.com\/product\/gardenia-extrait\/\">Gard\u00e9nia Extrait<\/a>, the same beloved scent, now with heightened intensity for a richer, more indulgent interpretation.<\/p>\n<p>&nbsp;<\/p>\n<h2><\/h2>\n<p>&nbsp;<\/p>\n<h2 style=\"text-align: center;\"><strong>Discover the Extrait de Parfum&#8230;<\/strong><\/h2>\n<p><a href=\"https:\/\/isabeyparfums.com\/product\/gardenia-extrait\/\"><img decoding=\"async\" class=\"size-medium wp-image-6627 aligncenter\" src=\"https:\/\/isabeyparfums.com\/wp-content\/uploads\/2023\/07\/Perle-G-2-270x300.jpg\" alt=\"Isabey Paris Gardenia Extrait de Parfum\" width=\"270\" height=\"300\" srcset=\"https:\/\/i0.wp.com\/isabeyparfums.com\/wp-content\/uploads\/2023\/07\/Perle-G-2.jpg?resize=270%2C300&amp;ssl=1 270w, https:\/\/i0.wp.com\/isabeyparfums.com\/wp-content\/uploads\/2023\/07\/Perle-G-2.jpg?resize=922%2C1024&amp;ssl=1 922w, https:\/\/i0.wp.com\/isabeyparfums.com\/wp-content\/uploads\/2023\/07\/Perle-G-2.jpg?resize=768%2C853&amp;ssl=1 768w, https:\/\/i0.wp.com\/isabeyparfums.com\/wp-content\/uploads\/2023\/07\/Perle-G-2.jpg?resize=11%2C12&amp;ssl=1 11w, https:\/\/i0.wp.com\/isabeyparfums.com\/wp-content\/uploads\/2023\/07\/Perle-G-2.jpg?resize=600%2C667&amp;ssl=1 600w, https:\/\/i0.wp.com\/isabeyparfums.com\/wp-content\/uploads\/2023\/07\/Perle-G-2.jpg?w=1080&amp;ssl=1 1080w\" sizes=\"(max-width: 270px) 100vw, 270px\" \/><\/a><\/p>","protected":false},"featured_media":2237,"template":"","meta":{"jetpack_publicize_message":"","jetpack_publicize_feature_enabled":true,"jetpack_social_post_already_shared":true,"jetpack_social_options":{"image_generator_settings":{"template":"highway","default_image_id":0,"font":"","enabled":false},"version":2}},"product_brand":[],"product_cat":[6344],"product_tag":[6425],"class_list":{"0":"post-24","1":"product","2":"type-product","3":"status-publish","4":"has-post-thumbnail","6":"product_cat-eau-de-parfum","7":"product_tag-gardenia","9":"first","10":"instock","11":"taxable","12":"shipping-taxable","13":"purchasable","14":"product-type-variable"},"yoast_head":"<!-- This site is optimized with the Yoast SEO Premium plugin v27.5 (Yoast SEO v27.5) - https:\/\/yoast.com\/product\/yoast-seo-premium-wordpress\/ -->\n<title>Gard\u00e9nia by Isabey | Official Isabey Boutique | Boutique Officielle<\/title>\n<meta name=\"description\" content=\"Experience romance with Isabey&#039;s legendary Gard\u00e9nia fragrance crafted by Perfumer Jean Jacques | Niche French Perfumery since 1924\" \/>\n<meta name=\"robots\" content=\"index, follow, max-snippet:-1, max-image-preview:large, max-video-preview:-1\" \/>\n<link rel=\"canonical\" href=\"https:\/\/isabeyparfums.com\/fr\/produit-2\/gardenia\/\" \/>\n<meta property=\"og:locale\" content=\"fr_FR\" \/>\n<meta property=\"og:type\" content=\"article\" \/>\n<meta property=\"og:title\" content=\"Gard\u00e9nia\" \/>\n<meta property=\"og:description\" content=\"Experience romance with Isabey&#039;s legendary Gard\u00e9nia fragrance crafted by Perfumer Jean Jacques | Niche French Perfumery since 1924\" \/>\n<meta property=\"og:url\" content=\"https:\/\/isabeyparfums.com\/fr\/produit-2\/gardenia\/\" \/>\n<meta property=\"og:site_name\" content=\"Isabey\" \/>\n<meta property=\"article:publisher\" content=\"https:\/\/fr-fr.facebook.com\/isabeyparisparfums\/\" \/>\n<meta property=\"article:modified_time\" content=\"2026-03-31T10:17:04+00:00\" \/>\n<meta property=\"og:image\" content=\"https:\/\/isabeyparfums.com\/wp-content\/uploads\/2022\/11\/SD-Gardenia-50ml-v5.jpg\" \/>\n\t<meta property=\"og:image:width\" content=\"1200\" \/>\n\t<meta property=\"og:image:height\" content=\"1200\" \/>\n\t<meta property=\"og:image:type\" content=\"image\/jpeg\" \/>\n<meta name=\"twitter:card\" content=\"summary_large_image\" \/>\n<meta name=\"twitter:label1\" content=\"Dur\u00e9e de lecture estim\u00e9e\" \/>\n\t<meta name=\"twitter:data1\" content=\"2 minutes\" \/>\n<script type=\"application\/ld+json\" class=\"yoast-schema-graph\">{\"@context\":\"https:\\\/\\\/schema.org\",\"@graph\":[{\"@type\":\"WebPage\",\"@id\":\"https:\\\/\\\/isabeyparfums.com\\\/product\\\/gardenia\\\/\",\"url\":\"https:\\\/\\\/isabeyparfums.com\\\/product\\\/gardenia\\\/\",\"name\":\"Gard\u00e9nia by Isabey | Official Isabey Boutique | Boutique Officielle\",\"isPartOf\":{\"@id\":\"https:\\\/\\\/isabeyparfums.com\\\/en\\\/#website\"},\"primaryImageOfPage\":{\"@id\":\"https:\\\/\\\/isabeyparfums.com\\\/product\\\/gardenia\\\/#primaryimage\"},\"image\":{\"@id\":\"https:\\\/\\\/isabeyparfums.com\\\/product\\\/gardenia\\\/#primaryimage\"},\"thumbnailUrl\":\"https:\\\/\\\/i0.wp.com\\\/isabeyparfums.com\\\/wp-content\\\/uploads\\\/2022\\\/11\\\/SD-Gardenia-50ml-v5.jpg?fit=1200%2C1200&ssl=1\",\"datePublished\":\"2022-04-23T17:18:02+00:00\",\"dateModified\":\"2026-03-31T10:17:04+00:00\",\"description\":\"Experience romance with Isabey's legendary Gard\u00e9nia fragrance crafted by Perfumer Jean Jacques | Niche French Perfumery since 1924\",\"breadcrumb\":{\"@id\":\"https:\\\/\\\/isabeyparfums.com\\\/product\\\/gardenia\\\/#breadcrumb\"},\"inLanguage\":\"fr-FR\",\"potentialAction\":[{\"@type\":\"ReadAction\",\"target\":[\"https:\\\/\\\/isabeyparfums.com\\\/product\\\/gardenia\\\/\"]}]},{\"@type\":\"ImageObject\",\"inLanguage\":\"fr-FR\",\"@id\":\"https:\\\/\\\/isabeyparfums.com\\\/product\\\/gardenia\\\/#primaryimage\",\"url\":\"https:\\\/\\\/i0.wp.com\\\/isabeyparfums.com\\\/wp-content\\\/uploads\\\/2022\\\/11\\\/SD-Gardenia-50ml-v5.jpg?fit=1200%2C1200&ssl=1\",\"contentUrl\":\"https:\\\/\\\/i0.wp.com\\\/isabeyparfums.com\\\/wp-content\\\/uploads\\\/2022\\\/11\\\/SD-Gardenia-50ml-v5.jpg?fit=1200%2C1200&ssl=1\",\"width\":1200,\"height\":1200,\"caption\":\"Gard\u00e9nia\"},{\"@type\":\"BreadcrumbList\",\"@id\":\"https:\\\/\\\/isabeyparfums.com\\\/product\\\/gardenia\\\/#breadcrumb\",\"itemListElement\":[{\"@type\":\"ListItem\",\"position\":1,\"name\":\"Home\",\"item\":\"https:\\\/\\\/isabeyparfums.com\\\/en\\\/\"},{\"@type\":\"ListItem\",\"position\":2,\"name\":\"Products\",\"item\":\"https:\\\/\\\/isabeyparfums.com\\\/parfums\\\/\"},{\"@type\":\"ListItem\",\"position\":3,\"name\":\"Gard\u00e9nia\"}]},{\"@type\":\"WebSite\",\"@id\":\"https:\\\/\\\/isabeyparfums.com\\\/en\\\/#website\",\"url\":\"https:\\\/\\\/isabeyparfums.com\\\/en\\\/\",\"name\":\"Isabey\",\"description\":\"Parfumeur \u00e0 Paris depuis 1924\",\"publisher\":{\"@id\":\"https:\\\/\\\/isabeyparfums.com\\\/en\\\/#organization\"},\"alternateName\":\"Isabey Parfums\",\"potentialAction\":[{\"@type\":\"SearchAction\",\"target\":{\"@type\":\"EntryPoint\",\"urlTemplate\":\"https:\\\/\\\/isabeyparfums.com\\\/en\\\/?s={search_term_string}\"},\"query-input\":{\"@type\":\"PropertyValueSpecification\",\"valueRequired\":true,\"valueName\":\"search_term_string\"}}],\"inLanguage\":\"fr-FR\"},{\"@type\":\"Organization\",\"@id\":\"https:\\\/\\\/isabeyparfums.com\\\/en\\\/#organization\",\"name\":\"Isabey Parfums\",\"alternateName\":\"Isabey\",\"url\":\"https:\\\/\\\/isabeyparfums.com\\\/en\\\/\",\"logo\":{\"@type\":\"ImageObject\",\"inLanguage\":\"fr-FR\",\"@id\":\"https:\\\/\\\/isabeyparfums.com\\\/en\\\/#\\\/schema\\\/logo\\\/image\\\/\",\"url\":\"https:\\\/\\\/isabeyparfums.com\\\/wp-content\\\/uploads\\\/2022\\\/04\\\/625a2478-c74b-4a71-8570-7ded00683c09-e1699630971225.webp\",\"contentUrl\":\"https:\\\/\\\/isabeyparfums.com\\\/wp-content\\\/uploads\\\/2022\\\/04\\\/625a2478-c74b-4a71-8570-7ded00683c09-e1699630971225.webp\",\"width\":1280,\"height\":625,\"caption\":\"Isabey Parfums\"},\"image\":{\"@id\":\"https:\\\/\\\/isabeyparfums.com\\\/en\\\/#\\\/schema\\\/logo\\\/image\\\/\"},\"sameAs\":[\"https:\\\/\\\/fr-fr.facebook.com\\\/isabeyparisparfums\\\/\",\"https:\\\/\\\/www.instagram.com\\\/isabeyparisparfums\\\/?hl\"]}]}<\/script>\n<!-- \/ Yoast SEO Premium plugin. -->","yoast_head_json":{"title":"Gard\u00e9nia by Isabey | Official Isabey Boutique | Boutique Officielle","description":"Experience romance with Isabey's legendary Gard\u00e9nia fragrance crafted by Perfumer Jean Jacques | Niche French Perfumery since 1924","robots":{"index":"index","follow":"follow","max-snippet":"max-snippet:-1","max-image-preview":"max-image-preview:large","max-video-preview":"max-video-preview:-1"},"canonical":"https:\/\/isabeyparfums.com\/fr\/produit-2\/gardenia\/","og_locale":"fr_FR","og_type":"article","og_title":"Gard\u00e9nia","og_description":"Experience romance with Isabey's legendary Gard\u00e9nia fragrance crafted by Perfumer Jean Jacques | Niche French Perfumery since 1924","og_url":"https:\/\/isabeyparfums.com\/fr\/produit-2\/gardenia\/","og_site_name":"Isabey","article_publisher":"https:\/\/fr-fr.facebook.com\/isabeyparisparfums\/","article_modified_time":"2026-03-31T10:17:04+00:00","og_image":[{"width":1200,"height":1200,"url":"https:\/\/isabeyparfums.com\/wp-content\/uploads\/2022\/11\/SD-Gardenia-50ml-v5.jpg","type":"image\/jpeg"}],"twitter_card":"summary_large_image","twitter_misc":{"Dur\u00e9e de lecture estim\u00e9e":"2 minutes"},"schema":{"@context":"https:\/\/schema.org","@graph":[{"@type":"WebPage","@id":"https:\/\/isabeyparfums.com\/product\/gardenia\/","url":"https:\/\/isabeyparfums.com\/product\/gardenia\/","name":"Gard\u00e9nia by Isabey | Official Isabey Boutique | Boutique Officielle","isPartOf":{"@id":"https:\/\/isabeyparfums.com\/en\/#website"},"primaryImageOfPage":{"@id":"https:\/\/isabeyparfums.com\/product\/gardenia\/#primaryimage"},"image":{"@id":"https:\/\/isabeyparfums.com\/product\/gardenia\/#primaryimage"},"thumbnailUrl":"https:\/\/i0.wp.com\/isabeyparfums.com\/wp-content\/uploads\/2022\/11\/SD-Gardenia-50ml-v5.jpg?fit=1200%2C1200&ssl=1","datePublished":"2022-04-23T17:18:02+00:00","dateModified":"2026-03-31T10:17:04+00:00","description":"Experience romance with Isabey's legendary Gard\u00e9nia fragrance crafted by Perfumer Jean Jacques | Niche French Perfumery since 1924","breadcrumb":{"@id":"https:\/\/isabeyparfums.com\/product\/gardenia\/#breadcrumb"},"inLanguage":"fr-FR","potentialAction":[{"@type":"ReadAction","target":["https:\/\/isabeyparfums.com\/product\/gardenia\/"]}]},{"@type":"ImageObject","inLanguage":"fr-FR","@id":"https:\/\/isabeyparfums.com\/product\/gardenia\/#primaryimage","url":"https:\/\/i0.wp.com\/isabeyparfums.com\/wp-content\/uploads\/2022\/11\/SD-Gardenia-50ml-v5.jpg?fit=1200%2C1200&ssl=1","contentUrl":"https:\/\/i0.wp.com\/isabeyparfums.com\/wp-content\/uploads\/2022\/11\/SD-Gardenia-50ml-v5.jpg?fit=1200%2C1200&ssl=1","width":1200,"height":1200,"caption":"Gard\u00e9nia"},{"@type":"BreadcrumbList","@id":"https:\/\/isabeyparfums.com\/product\/gardenia\/#breadcrumb","itemListElement":[{"@type":"ListItem","position":1,"name":"Home","item":"https:\/\/isabeyparfums.com\/en\/"},{"@type":"ListItem","position":2,"name":"Products","item":"https:\/\/isabeyparfums.com\/parfums\/"},{"@type":"ListItem","position":3,"name":"Gard\u00e9nia"}]},{"@type":"WebSite","@id":"https:\/\/isabeyparfums.com\/en\/#website","url":"https:\/\/isabeyparfums.com\/en\/","name":"Isabey","description":"Parfumeur \u00e0 Paris depuis 1924","publisher":{"@id":"https:\/\/isabeyparfums.com\/en\/#organization"},"alternateName":"Isabey Parfums","potentialAction":[{"@type":"SearchAction","target":{"@type":"EntryPoint","urlTemplate":"https:\/\/isabeyparfums.com\/en\/?s={search_term_string}"},"query-input":{"@type":"PropertyValueSpecification","valueRequired":true,"valueName":"search_term_string"}}],"inLanguage":"fr-FR"},{"@type":"Organization","@id":"https:\/\/isabeyparfums.com\/en\/#organization","name":"Isabey Parfums","alternateName":"Isabey","url":"https:\/\/isabeyparfums.com\/en\/","logo":{"@type":"ImageObject","inLanguage":"fr-FR","@id":"https:\/\/isabeyparfums.com\/en\/#\/schema\/logo\/image\/","url":"https:\/\/isabeyparfums.com\/wp-content\/uploads\/2022\/04\/625a2478-c74b-4a71-8570-7ded00683c09-e1699630971225.webp","contentUrl":"https:\/\/isabeyparfums.com\/wp-content\/uploads\/2022\/04\/625a2478-c74b-4a71-8570-7ded00683c09-e1699630971225.webp","width":1280,"height":625,"caption":"Isabey Parfums"},"image":{"@id":"https:\/\/isabeyparfums.com\/en\/#\/schema\/logo\/image\/"},"sameAs":["https:\/\/fr-fr.facebook.com\/isabeyparisparfums\/","https:\/\/www.instagram.com\/isabeyparisparfums\/?hl"]}]}},"jetpack_publicize_connections":[],"jetpack_likes_enabled":true,"jetpack_sharing_enabled":true,"jetpack-related-posts":[],"_links":{"self":[{"href":"https:\/\/isabeyparfums.com\/fr\/wp-json\/wp\/v2\/product\/24","targetHints":{"allow":["GET"]}}],"collection":[{"href":"https:\/\/isabeyparfums.com\/fr\/wp-json\/wp\/v2\/product"}],"about":[{"href":"https:\/\/isabeyparfums.com\/fr\/wp-json\/wp\/v2\/types\/product"}],"version-history":[{"count":51,"href":"https:\/\/isabeyparfums.com\/fr\/wp-json\/wp\/v2\/product\/24\/revisions"}],"predecessor-version":[{"id":13443,"href":"https:\/\/isabeyparfums.com\/fr\/wp-json\/wp\/v2\/product\/24\/revisions\/13443"}],"wp:featuredmedia":[{"embeddable":true,"href":"https:\/\/isabeyparfums.com\/fr\/wp-json\/wp\/v2\/media\/2237"}],"wp:attachment":[{"href":"https:\/\/isabeyparfums.com\/fr\/wp-json\/wp\/v2\/media?parent=24"}],"wp:term":[{"taxonomy":"product_brand","embeddable":true,"href":"https:\/\/isabeyparfums.com\/fr\/wp-json\/wp\/v2\/product_brand?post=24"},{"taxonomy":"product_cat","embeddable":true,"href":"https:\/\/isabeyparfums.com\/fr\/wp-json\/wp\/v2\/product_cat?post=24"},{"taxonomy":"product_tag","embeddable":true,"href":"https:\/\/isabeyparfums.com\/fr\/wp-json\/wp\/v2\/product_tag?post=24"}],"curies":[{"name":"wp","href":"https:\/\/api.w.org\/{rel}","templated":true}]}}