{"id":2997,"date":"2023-01-30T12:05:48","date_gmt":"2023-01-30T11:05:48","guid":{"rendered":"https:\/\/isabeyparfums.com\/?post_type=product&#038;p=2997"},"modified":"2025-12-12T11:32:07","modified_gmt":"2025-12-12T10:32:07","slug":"avant-et-apres","status":"publish","type":"product","link":"https:\/\/isabeyparfums.com\/fr\/product\/avant-et-apres\/","title":{"rendered":"Avant et Apr\u00e8s"},"content":{"rendered":"<h2 style=\"text-align: center;\">NOTES DE T\u00caTE<\/h2>\n<p style=\"text-align: center;\"><i>Freesia, Accord Iod\u00e9, Fleur de Frangipanier<\/i><\/p>\n<h2 style=\"text-align: center;\">NOTES DE C\u0152UR<\/h2>\n<p style=\"text-align: center;\"><i>Jasmin Sambac, Ylang, Fleur d'Oranger, Accord Mono\u00ef<\/i><\/p>\n<h2 style=\"text-align: center;\">NOTES DE FOND<\/h2>\n<p style=\"text-align: center;\"><i>Vanille, Musc, Benjoin, Ambroxan<\/i><\/p>\n<h2 style=\"text-align: center;\">La Fragrance<\/h2>\n<h3 style=\"text-align: center;\"><span style=\"font-size: 16px; font-weight: 400; text-align: center;\">Un parfum aquatique floral blanc par Isabey.<\/span><\/h3>\n<h3><em>Avant et Apr\u00e8s by Isabey:<\/em><\/h3>\n<p style=\"text-align: center;\">Composed of a sunny, creamy, and narcotic white floral bouquet, Avant et Apr\u00e8s by Isabey is lulled by a sea wind in a refreshing signature. The fragrance opens with Freesia lending a touch of floral grace and gentle sweetness to the composition, and Frangipani Flower, bringing sunshine and warmth. The heart unfolds with Jasmin Sambac, with its floral, voluptuous, sweet, and slightly animalistic scent. In the dry-down, Vanilla, Benzoin, and Musk emphasize the sweetness and intensity of the Tiare Flower.<\/p>\n<p style=\"text-align: center;\">\u201cI wanted to interpret a Mono\u00ef Accord and Orange Blossom in an elegant style, a contrasted scent oscillating between contemporary opulence and freshness.<\/p>\n<p style=\"text-align: center;\">I was inspired by a walk along the seaside at dawn, the sensations of fresh wind caressing the face in the bright light of sunrise.\u201d<\/p>\n<p style=\"text-align: center;\">For her first collaboration with Isabey, perfumer Marie Schnirer created a solar contemporary scent, a bouquet of feminine and sensual white flowers sublimated with salty notes: &#8220;Isabey inspires elegance, character, and femininity. It was therefore interesting for me to compose a large bouquet of white flowers. What could be more feminine and sensual?&#8221;<\/p>\n<p style=\"text-align: center;\">Natural Spray Eau de Parfum: 50ml \/ 1.7 oz | 20ml \/ 0.67 oz<\/p>\n<p style=\"text-align: center;\">Parfumeur:\u00a0<a href=\"https:\/\/isabeyparfums.com\/our-perfumers\/\">Marie Schnirer<\/a><\/p>","protected":false},"excerpt":{"rendered":"<h2><strong>L'Histoire<\/strong><\/h2>\n<p>Entre romantisme et sensualit\u00e9, ce nouveau parfum est la continuation de la fusion entre deux c\u0153urs amoureux. Qui \u00e9taient-ils avant ? Et apr\u00e8s que seront-ils ?<\/p>\n<p>The way they love will be perfumed with the sweet and salty notes of Avant et Apr\u00e8s.<\/p>\n<p>The name, Avant et apr\u00e8s (Before and After) evokes the emotion, the transition caused by a unique encounter. The bright white color of the bottle represents the purity of the moment, the luminous gold color of the plate and the ribbon are symbols of a luminous future.<\/p>","protected":false},"featured_media":2999,"template":"","meta":{"jetpack_post_was_ever_published":false,"jetpack_publicize_message":"","jetpack_publicize_feature_enabled":true,"jetpack_social_post_already_shared":true,"jetpack_social_options":{"image_generator_settings":{"template":"highway","default_image_id":0,"font":"","enabled":false},"version":2}},"product_brand":[],"product_cat":[6344],"product_tag":[6413],"class_list":{"0":"post-2997","1":"product","2":"type-product","3":"status-publish","4":"has-post-thumbnail","6":"product_cat-eau-de-parfum","7":"product_tag-avant-et-apres","8":"product_shipping_class-eq-dhl","10":"first","11":"instock","12":"taxable","13":"shipping-taxable","14":"purchasable","15":"product-type-variable"},"yoast_head":"<!-- This site is optimized with the Yoast SEO Premium plugin v27.3 (Yoast SEO v27.3) - https:\/\/yoast.com\/product\/yoast-seo-premium-wordpress\/ -->\n<title>Avant et Apr\u00e8s by Isabey | Isabey Official Boutique| Boutique Officielle<\/title>\n<meta name=\"description\" content=\"Discover Avant et Apr\u00e8s on the Official Isabey Online Boutique | Experience the embrace of a creamy floral fragrance | Niche French Perfumery since 1924\" \/>\n<meta name=\"robots\" content=\"index, follow, max-snippet:-1, max-image-preview:large, max-video-preview:-1\" \/>\n<link rel=\"canonical\" href=\"https:\/\/isabeyparfums.com\/fr\/produit-2\/avant-et-apres\/\" \/>\n<meta property=\"og:locale\" content=\"fr_FR\" \/>\n<meta property=\"og:type\" content=\"article\" \/>\n<meta property=\"og:title\" content=\"Avant et Apr\u00e8s\" \/>\n<meta property=\"og:description\" content=\"Discover Avant et Apr\u00e8s on the Official Isabey Online Boutique | Experience the embrace of a creamy floral fragrance | Niche French Perfumery since 1924\" \/>\n<meta property=\"og:url\" content=\"https:\/\/isabeyparfums.com\/fr\/produit-2\/avant-et-apres\/\" \/>\n<meta property=\"og:site_name\" content=\"Isabey\" \/>\n<meta property=\"article:publisher\" content=\"https:\/\/fr-fr.facebook.com\/isabeyparisparfums\/\" \/>\n<meta property=\"article:modified_time\" content=\"2025-12-12T10:32:07+00:00\" \/>\n<meta property=\"og:image\" content=\"https:\/\/isabeyparfums.com\/wp-content\/uploads\/2023\/01\/SD-Avant-et-Apres-50ml-v5.jpg\" \/>\n\t<meta property=\"og:image:width\" content=\"1200\" \/>\n\t<meta property=\"og:image:height\" content=\"1200\" \/>\n\t<meta property=\"og:image:type\" content=\"image\/jpeg\" \/>\n<meta name=\"twitter:card\" content=\"summary_large_image\" \/>\n<meta name=\"twitter:label1\" content=\"Dur\u00e9e de lecture estim\u00e9e\" \/>\n\t<meta name=\"twitter:data1\" content=\"2 minutes\" \/>\n<script type=\"application\/ld+json\" class=\"yoast-schema-graph\">{\"@context\":\"https:\\\/\\\/schema.org\",\"@graph\":[{\"@type\":\"WebPage\",\"@id\":\"https:\\\/\\\/isabeyparfums.com\\\/product\\\/avant-et-apres\\\/\",\"url\":\"https:\\\/\\\/isabeyparfums.com\\\/product\\\/avant-et-apres\\\/\",\"name\":\"Avant et Apr\u00e8s by Isabey | Isabey Official Boutique| Boutique Officielle\",\"isPartOf\":{\"@id\":\"https:\\\/\\\/isabeyparfums.com\\\/en\\\/#website\"},\"primaryImageOfPage\":{\"@id\":\"https:\\\/\\\/isabeyparfums.com\\\/product\\\/avant-et-apres\\\/#primaryimage\"},\"image\":{\"@id\":\"https:\\\/\\\/isabeyparfums.com\\\/product\\\/avant-et-apres\\\/#primaryimage\"},\"thumbnailUrl\":\"https:\\\/\\\/i0.wp.com\\\/isabeyparfums.com\\\/wp-content\\\/uploads\\\/2023\\\/01\\\/SD-Avant-et-Apres-50ml-v5.jpg?fit=1200%2C1200&ssl=1\",\"datePublished\":\"2023-01-30T11:05:48+00:00\",\"dateModified\":\"2025-12-12T10:32:07+00:00\",\"description\":\"Discover Avant et Apr\u00e8s on the Official Isabey Online Boutique | Experience the embrace of a creamy floral fragrance | Niche French Perfumery since 1924\",\"breadcrumb\":{\"@id\":\"https:\\\/\\\/isabeyparfums.com\\\/product\\\/avant-et-apres\\\/#breadcrumb\"},\"inLanguage\":\"fr-FR\",\"potentialAction\":[{\"@type\":\"ReadAction\",\"target\":[\"https:\\\/\\\/isabeyparfums.com\\\/product\\\/avant-et-apres\\\/\"]}]},{\"@type\":\"ImageObject\",\"inLanguage\":\"fr-FR\",\"@id\":\"https:\\\/\\\/isabeyparfums.com\\\/product\\\/avant-et-apres\\\/#primaryimage\",\"url\":\"https:\\\/\\\/i0.wp.com\\\/isabeyparfums.com\\\/wp-content\\\/uploads\\\/2023\\\/01\\\/SD-Avant-et-Apres-50ml-v5.jpg?fit=1200%2C1200&ssl=1\",\"contentUrl\":\"https:\\\/\\\/i0.wp.com\\\/isabeyparfums.com\\\/wp-content\\\/uploads\\\/2023\\\/01\\\/SD-Avant-et-Apres-50ml-v5.jpg?fit=1200%2C1200&ssl=1\",\"width\":1200,\"height\":1200,\"caption\":\"Avant et Apr\u00e8s\"},{\"@type\":\"BreadcrumbList\",\"@id\":\"https:\\\/\\\/isabeyparfums.com\\\/product\\\/avant-et-apres\\\/#breadcrumb\",\"itemListElement\":[{\"@type\":\"ListItem\",\"position\":1,\"name\":\"Home\",\"item\":\"https:\\\/\\\/isabeyparfums.com\\\/\"},{\"@type\":\"ListItem\",\"position\":2,\"name\":\"Products\",\"item\":\"https:\\\/\\\/isabeyparfums.com\\\/parfums\\\/\"},{\"@type\":\"ListItem\",\"position\":3,\"name\":\"Avant et Apr\u00e8s\"}]},{\"@type\":\"WebSite\",\"@id\":\"https:\\\/\\\/isabeyparfums.com\\\/en\\\/#website\",\"url\":\"https:\\\/\\\/isabeyparfums.com\\\/en\\\/\",\"name\":\"Isabey\",\"description\":\"Parfumeur \u00e0 Paris depuis 1924\",\"publisher\":{\"@id\":\"https:\\\/\\\/isabeyparfums.com\\\/en\\\/#organization\"},\"alternateName\":\"Isabey Parfums\",\"potentialAction\":[{\"@type\":\"SearchAction\",\"target\":{\"@type\":\"EntryPoint\",\"urlTemplate\":\"https:\\\/\\\/isabeyparfums.com\\\/en\\\/?s={search_term_string}\"},\"query-input\":{\"@type\":\"PropertyValueSpecification\",\"valueRequired\":true,\"valueName\":\"search_term_string\"}}],\"inLanguage\":\"fr-FR\"},{\"@type\":\"Organization\",\"@id\":\"https:\\\/\\\/isabeyparfums.com\\\/en\\\/#organization\",\"name\":\"Isabey Parfums\",\"alternateName\":\"Isabey\",\"url\":\"https:\\\/\\\/isabeyparfums.com\\\/en\\\/\",\"logo\":{\"@type\":\"ImageObject\",\"inLanguage\":\"fr-FR\",\"@id\":\"https:\\\/\\\/isabeyparfums.com\\\/en\\\/#\\\/schema\\\/logo\\\/image\\\/\",\"url\":\"https:\\\/\\\/isabeyparfums.com\\\/wp-content\\\/uploads\\\/2022\\\/04\\\/625a2478-c74b-4a71-8570-7ded00683c09-e1699630971225.webp\",\"contentUrl\":\"https:\\\/\\\/isabeyparfums.com\\\/wp-content\\\/uploads\\\/2022\\\/04\\\/625a2478-c74b-4a71-8570-7ded00683c09-e1699630971225.webp\",\"width\":1280,\"height\":625,\"caption\":\"Isabey Parfums\"},\"image\":{\"@id\":\"https:\\\/\\\/isabeyparfums.com\\\/en\\\/#\\\/schema\\\/logo\\\/image\\\/\"},\"sameAs\":[\"https:\\\/\\\/fr-fr.facebook.com\\\/isabeyparisparfums\\\/\",\"https:\\\/\\\/www.instagram.com\\\/isabeyparisparfums\\\/?hl\"]}]}<\/script>\n<!-- \/ Yoast SEO Premium plugin. -->","yoast_head_json":{"title":"Avant et Apr\u00e8s by Isabey | Isabey Official Boutique| Boutique Officielle","description":"Discover Avant et Apr\u00e8s on the Official Isabey Online Boutique | Experience the embrace of a creamy floral fragrance | Niche French Perfumery since 1924","robots":{"index":"index","follow":"follow","max-snippet":"max-snippet:-1","max-image-preview":"max-image-preview:large","max-video-preview":"max-video-preview:-1"},"canonical":"https:\/\/isabeyparfums.com\/fr\/produit-2\/avant-et-apres\/","og_locale":"fr_FR","og_type":"article","og_title":"Avant et Apr\u00e8s","og_description":"Discover Avant et Apr\u00e8s on the Official Isabey Online Boutique | Experience the embrace of a creamy floral fragrance | Niche French Perfumery since 1924","og_url":"https:\/\/isabeyparfums.com\/fr\/produit-2\/avant-et-apres\/","og_site_name":"Isabey","article_publisher":"https:\/\/fr-fr.facebook.com\/isabeyparisparfums\/","article_modified_time":"2025-12-12T10:32:07+00:00","og_image":[{"width":1200,"height":1200,"url":"https:\/\/isabeyparfums.com\/wp-content\/uploads\/2023\/01\/SD-Avant-et-Apres-50ml-v5.jpg","type":"image\/jpeg"}],"twitter_card":"summary_large_image","twitter_misc":{"Dur\u00e9e de lecture estim\u00e9e":"2 minutes"},"schema":{"@context":"https:\/\/schema.org","@graph":[{"@type":"WebPage","@id":"https:\/\/isabeyparfums.com\/product\/avant-et-apres\/","url":"https:\/\/isabeyparfums.com\/product\/avant-et-apres\/","name":"Avant et Apr\u00e8s by Isabey | Isabey Official Boutique| Boutique Officielle","isPartOf":{"@id":"https:\/\/isabeyparfums.com\/en\/#website"},"primaryImageOfPage":{"@id":"https:\/\/isabeyparfums.com\/product\/avant-et-apres\/#primaryimage"},"image":{"@id":"https:\/\/isabeyparfums.com\/product\/avant-et-apres\/#primaryimage"},"thumbnailUrl":"https:\/\/i0.wp.com\/isabeyparfums.com\/wp-content\/uploads\/2023\/01\/SD-Avant-et-Apres-50ml-v5.jpg?fit=1200%2C1200&ssl=1","datePublished":"2023-01-30T11:05:48+00:00","dateModified":"2025-12-12T10:32:07+00:00","description":"Discover Avant et Apr\u00e8s on the Official Isabey Online Boutique | Experience the embrace of a creamy floral fragrance | Niche French Perfumery since 1924","breadcrumb":{"@id":"https:\/\/isabeyparfums.com\/product\/avant-et-apres\/#breadcrumb"},"inLanguage":"fr-FR","potentialAction":[{"@type":"ReadAction","target":["https:\/\/isabeyparfums.com\/product\/avant-et-apres\/"]}]},{"@type":"ImageObject","inLanguage":"fr-FR","@id":"https:\/\/isabeyparfums.com\/product\/avant-et-apres\/#primaryimage","url":"https:\/\/i0.wp.com\/isabeyparfums.com\/wp-content\/uploads\/2023\/01\/SD-Avant-et-Apres-50ml-v5.jpg?fit=1200%2C1200&ssl=1","contentUrl":"https:\/\/i0.wp.com\/isabeyparfums.com\/wp-content\/uploads\/2023\/01\/SD-Avant-et-Apres-50ml-v5.jpg?fit=1200%2C1200&ssl=1","width":1200,"height":1200,"caption":"Avant et Apr\u00e8s"},{"@type":"BreadcrumbList","@id":"https:\/\/isabeyparfums.com\/product\/avant-et-apres\/#breadcrumb","itemListElement":[{"@type":"ListItem","position":1,"name":"Home","item":"https:\/\/isabeyparfums.com\/"},{"@type":"ListItem","position":2,"name":"Products","item":"https:\/\/isabeyparfums.com\/parfums\/"},{"@type":"ListItem","position":3,"name":"Avant et Apr\u00e8s"}]},{"@type":"WebSite","@id":"https:\/\/isabeyparfums.com\/en\/#website","url":"https:\/\/isabeyparfums.com\/en\/","name":"Isabey","description":"Parfumeur \u00e0 Paris depuis 1924","publisher":{"@id":"https:\/\/isabeyparfums.com\/en\/#organization"},"alternateName":"Isabey Parfums","potentialAction":[{"@type":"SearchAction","target":{"@type":"EntryPoint","urlTemplate":"https:\/\/isabeyparfums.com\/en\/?s={search_term_string}"},"query-input":{"@type":"PropertyValueSpecification","valueRequired":true,"valueName":"search_term_string"}}],"inLanguage":"fr-FR"},{"@type":"Organization","@id":"https:\/\/isabeyparfums.com\/en\/#organization","name":"Isabey Parfums","alternateName":"Isabey","url":"https:\/\/isabeyparfums.com\/en\/","logo":{"@type":"ImageObject","inLanguage":"fr-FR","@id":"https:\/\/isabeyparfums.com\/en\/#\/schema\/logo\/image\/","url":"https:\/\/isabeyparfums.com\/wp-content\/uploads\/2022\/04\/625a2478-c74b-4a71-8570-7ded00683c09-e1699630971225.webp","contentUrl":"https:\/\/isabeyparfums.com\/wp-content\/uploads\/2022\/04\/625a2478-c74b-4a71-8570-7ded00683c09-e1699630971225.webp","width":1280,"height":625,"caption":"Isabey Parfums"},"image":{"@id":"https:\/\/isabeyparfums.com\/en\/#\/schema\/logo\/image\/"},"sameAs":["https:\/\/fr-fr.facebook.com\/isabeyparisparfums\/","https:\/\/www.instagram.com\/isabeyparisparfums\/?hl"]}]}},"jetpack_publicize_connections":[],"jetpack_likes_enabled":true,"jetpack_sharing_enabled":true,"jetpack-related-posts":[],"_links":{"self":[{"href":"https:\/\/isabeyparfums.com\/fr\/wp-json\/wp\/v2\/product\/2997","targetHints":{"allow":["GET"]}}],"collection":[{"href":"https:\/\/isabeyparfums.com\/fr\/wp-json\/wp\/v2\/product"}],"about":[{"href":"https:\/\/isabeyparfums.com\/fr\/wp-json\/wp\/v2\/types\/product"}],"version-history":[{"count":58,"href":"https:\/\/isabeyparfums.com\/fr\/wp-json\/wp\/v2\/product\/2997\/revisions"}],"predecessor-version":[{"id":13436,"href":"https:\/\/isabeyparfums.com\/fr\/wp-json\/wp\/v2\/product\/2997\/revisions\/13436"}],"wp:featuredmedia":[{"embeddable":true,"href":"https:\/\/isabeyparfums.com\/fr\/wp-json\/wp\/v2\/media\/2999"}],"wp:attachment":[{"href":"https:\/\/isabeyparfums.com\/fr\/wp-json\/wp\/v2\/media?parent=2997"}],"wp:term":[{"taxonomy":"product_brand","embeddable":true,"href":"https:\/\/isabeyparfums.com\/fr\/wp-json\/wp\/v2\/product_brand?post=2997"},{"taxonomy":"product_cat","embeddable":true,"href":"https:\/\/isabeyparfums.com\/fr\/wp-json\/wp\/v2\/product_cat?post=2997"},{"taxonomy":"product_tag","embeddable":true,"href":"https:\/\/isabeyparfums.com\/fr\/wp-json\/wp\/v2\/product_tag?post=2997"}],"curies":[{"name":"wp","href":"https:\/\/api.w.org\/{rel}","templated":true}]}}