{"id":37,"date":"2022-04-25T17:15:11","date_gmt":"2022-04-25T15:15:11","guid":{"rendered":"https:\/\/isabeyparfums.com\/?post_type=product&#038;p=37"},"modified":"2025-12-12T11:35:58","modified_gmt":"2025-12-12T10:35:58","slug":"la-route-demeraude","status":"publish","type":"product","link":"https:\/\/isabeyparfums.com\/fr\/product\/la-route-demeraude\/","title":{"rendered":"La Route d&#8217;Emeraude"},"content":{"rendered":"<h2 style=\"text-align: center;\">NOTES DE T\u00caTE<\/h2>\n<p style=\"text-align: center;\"><em>Bergamote, Essence de Rose, Cannelle<\/em><\/p>\n<h2 style=\"text-align: center;\">NOTES DE C\u0152UR<\/h2>\n<p style=\"text-align: center;\"><em>Jasmin Sambac, Fleur d'Oranger, Tub\u00e9reuse, Ylang<\/em><\/p>\n<h2 style=\"text-align: center;\">NOTES DE FOND<\/h2>\n<p style=\"text-align: center;\"><em>Ambre, Benjoin, Vanille, Musc<\/em><\/p>\n<h2 style=\"text-align: center;\">La Fragrance<\/h2>\n<p style=\"text-align: center;\">Radiant and captivating, with a touch of nostalgia, La Route d&#8217;Emeraude by Isabey lingers with a sensual embrace, leaving an unforgettable and enchanting trail.<\/p>\n<h3 style=\"text-align: left;\"><em>La Route d&#8217;Emeraude by Isabey:<\/em><\/h3>\n<p style=\"text-align: center;\">La Route d\u2019Emeraude by Isabey is an elegant exploration of Jasmine Sambac, a flower known for its captivating and opulent nature. The fragrance showcases the rich, undulating qualities of Jasmine Sambac, presenting it as a timeless expression of femininity and refinement.<\/p>\n<p style=\"text-align: center;\">Le parfum s'ouvre sur une \u00e9clatante bouff\u00e9e de Bergamote, subtilement \u00e9pic\u00e9e de Cannelle, et adoucie par l'essence d\u00e9licate de Rose. Ces notes introduisent la fragrance avec \u00e9clat et chaleur, r\u00e9v\u00e9lant peu \u00e0 peu un bouquet floral qui se ressent \u00e0 la fois vibrant et invitant.<\/p>\n<p style=\"text-align: center;\">At the heart of La Route d\u2019Emeraude is the seductive presence of Jasmine Sambac. Combined with the lush, white florals of Orange Flower and Tuberose, the scent develops a delicate yet powerful character. The addition of Ylang-Ylang adds a smooth, tropical nuance, creating a well-rounded floral composition that feels both rich and serene.<\/p>\n<p style=\"text-align: center;\">Au fur et \u00e0 mesure que la fragrance se d\u00e9ploie, elle est ancr\u00e9e par une base chaude d'Ambre et de Benjoin, qui lui conf\u00e8rent une profondeur r\u00e9sineuse. La Vanille apporte une douceur d\u00e9licate, tandis que le Musc ajoute une sensualit\u00e9 subtile qui persiste sur la peau, cr\u00e9ant une finition intime et enveloppante. Ensemble, ces notes de fond d\u00e9gagent une sensation de chaleur et de sophistication discr\u00e8te.<\/p>\n<p style=\"text-align: center;\">La Route d\u2019Emeraude draws inspiration from its origins, reflecting the scents and beauty of faraway lands. This modern edition nods to the past, capturing the essence of its journey through the \u201cEmerald Triangle\u201d while offering a fragrance that feels contemporary yet steeped in tradition.<\/p>\n<p style=\"text-align: center;\">Natural Spray Eau de Parfum: 50ml \/ 1.7 oz | 20ml \/ 0.67 oz<\/p>\n<p style=\"text-align: center;\" class=\" translation-block\">Parfumeur\u00a0: <a href=\"https:\/\/isabeyparfums.com\/our-perfumers\/\" target=\"_self\">Jean Jacques<\/a><\/p>\n<p style=\"text-align: center;\">","protected":false},"excerpt":{"rendered":"<p><img fetchpriority=\"high\" decoding=\"async\" class=\"wp-image-5175 aligncenter\" src=\"https:\/\/isabeyparfums.com\/wp-content\/uploads\/2023\/06\/photo-la-route-demeraude-300x300.jpg?crop=1\" alt=\"\" width=\"266\" height=\"266\" srcset=\"https:\/\/i0.wp.com\/isabeyparfums.com\/wp-content\/uploads\/2023\/06\/photo-la-route-demeraude.jpg?resize=300%2C300&amp;ssl=1 300w, https:\/\/i0.wp.com\/isabeyparfums.com\/wp-content\/uploads\/2023\/06\/photo-la-route-demeraude.jpg?resize=1024%2C1024&amp;ssl=1 1024w, https:\/\/i0.wp.com\/isabeyparfums.com\/wp-content\/uploads\/2023\/06\/photo-la-route-demeraude.jpg?resize=150%2C150&amp;ssl=1 150w, https:\/\/i0.wp.com\/isabeyparfums.com\/wp-content\/uploads\/2023\/06\/photo-la-route-demeraude.jpg?resize=768%2C768&amp;ssl=1 768w, https:\/\/i0.wp.com\/isabeyparfums.com\/wp-content\/uploads\/2023\/06\/photo-la-route-demeraude.jpg?resize=1536%2C1536&amp;ssl=1 1536w, https:\/\/i0.wp.com\/isabeyparfums.com\/wp-content\/uploads\/2023\/06\/photo-la-route-demeraude.jpg?resize=2048%2C2048&amp;ssl=1 2048w, https:\/\/i0.wp.com\/isabeyparfums.com\/wp-content\/uploads\/2023\/06\/photo-la-route-demeraude.jpg?resize=12%2C12&amp;ssl=1 12w, https:\/\/i0.wp.com\/isabeyparfums.com\/wp-content\/uploads\/2023\/06\/photo-la-route-demeraude.jpg?resize=600%2C600&amp;ssl=1 600w, https:\/\/i0.wp.com\/isabeyparfums.com\/wp-content\/uploads\/2023\/06\/photo-la-route-demeraude.jpg?resize=100%2C100&amp;ssl=1 100w, https:\/\/i0.wp.com\/isabeyparfums.com\/wp-content\/uploads\/2023\/06\/photo-la-route-demeraude.jpg?w=1600&amp;ssl=1 1600w, https:\/\/i0.wp.com\/isabeyparfums.com\/wp-content\/uploads\/2023\/06\/photo-la-route-demeraude.jpg?w=2400&amp;ssl=1 2400w\" sizes=\"(max-width: 266px) 100vw, 266px\" \/><\/p>\n<p style=\"text-align: center;\"><em>La Route d&#8217;Emeraude, 1924<\/em><\/p>\n<h2><strong>L'Histoire<\/strong><\/h2>\n<p>Introduced in 1924, \u201cLa Route d\u2019Emeraude\u201d &#8211; The road to the Emerald Triangle from Isabey was designed by Julien Viard, in a faceted bottle and a jewel-like case, reminiscent of the splendor of the Far East.<\/p>\n<p>Ce parfum s\u2019inspire, avec une touche de nostalgie, du voyage menant au \u00ab triangle d\u2019\u00e9meraude \u00bb (Tha\u00eflande, Laos et Cambodge), empreint des senteurs de Jasmin Sambac et de fleurs en pleine floraison. De nombreux amoureux de l\u2019Orient emprunt\u00e8rent autrefois cette route vers ces terres lointaines, d\u00e9couvrant des sensations aujourd\u2019hui raviv\u00e9es dans cette r\u00e9\u00e9dition du parfum mythique. L\u2019effet cuir dor\u00e9 (cordovan), signature des pr\u00e9c\u00e9dentes cr\u00e9ations de La Route d\u2019\u00c9meraude, a \u00e9t\u00e9 pr\u00e9serv\u00e9. La fragrance, quant \u00e0 elle, a \u00e9t\u00e9 l\u00e9g\u00e8rement r\u00e9interpr\u00e9t\u00e9e.<\/p>\n<p>Adore Isabey&#8217;s La Route d&#8217;Emeraude? Discover the <a href=\"https:\/\/isabeyparfums.com\/product\/la-route-demeraude-extrait\/\">La Route d&#8217;Emeraude Extrait<\/a>, the same opulent scent, now with heightened concentration for a more floral, blooming, and powerful experience.<\/p>\n<p>&nbsp;<\/p>\n<h2><\/h2>\n<p>&nbsp;<\/p>\n<h2 style=\"text-align: center;\"><strong>Discover the Extrait de Parfum&#8230;<\/strong><\/h2>\n<h2 style=\"text-align: center;\"><a href=\"https:\/\/isabeyparfums.com\/product\/la-route-demeraude-extrait\/\"><img decoding=\"async\" class=\"size-medium wp-image-6529 aligncenter\" src=\"https:\/\/isabeyparfums.com\/wp-content\/uploads\/2023\/07\/Perle-RE-2-270x300.jpg\" alt=\"Isabey Paris La Route d'Emeraude Extrait de Parfum\" width=\"270\" height=\"300\" srcset=\"https:\/\/i0.wp.com\/isabeyparfums.com\/wp-content\/uploads\/2023\/07\/Perle-RE-2.jpg?resize=270%2C300&amp;ssl=1 270w, https:\/\/i0.wp.com\/isabeyparfums.com\/wp-content\/uploads\/2023\/07\/Perle-RE-2.jpg?resize=922%2C1024&amp;ssl=1 922w, https:\/\/i0.wp.com\/isabeyparfums.com\/wp-content\/uploads\/2023\/07\/Perle-RE-2.jpg?resize=768%2C853&amp;ssl=1 768w, https:\/\/i0.wp.com\/isabeyparfums.com\/wp-content\/uploads\/2023\/07\/Perle-RE-2.jpg?resize=11%2C12&amp;ssl=1 11w, https:\/\/i0.wp.com\/isabeyparfums.com\/wp-content\/uploads\/2023\/07\/Perle-RE-2.jpg?resize=600%2C667&amp;ssl=1 600w, https:\/\/i0.wp.com\/isabeyparfums.com\/wp-content\/uploads\/2023\/07\/Perle-RE-2.jpg?w=1080&amp;ssl=1 1080w\" sizes=\"(max-width: 270px) 100vw, 270px\" \/><\/a><\/h2>","protected":false},"featured_media":5996,"template":"","meta":{"jetpack_post_was_ever_published":false,"jetpack_publicize_message":"","jetpack_publicize_feature_enabled":true,"jetpack_social_post_already_shared":true,"jetpack_social_options":{"image_generator_settings":{"template":"highway","default_image_id":0,"font":"","enabled":false},"version":2}},"product_brand":[],"product_cat":[6344],"product_tag":[6423],"class_list":{"0":"post-37","1":"product","2":"type-product","3":"status-publish","4":"has-post-thumbnail","6":"product_cat-eau-de-parfum","7":"product_tag-la-route-demeraude","8":"product_shipping_class-eq-dhl","10":"first","11":"instock","12":"taxable","13":"shipping-taxable","14":"purchasable","15":"product-type-variable"},"yoast_head":"<!-- This site is optimized with the Yoast SEO Premium plugin v27.3 (Yoast SEO v27.3) - https:\/\/yoast.com\/product\/yoast-seo-premium-wordpress\/ -->\n<title>La Route d&#039;Emeraude by Isabey | Isabey Official Boutique | Boutique Officielle<\/title>\n<meta name=\"description\" content=\"Discover La Route d&#039;Emeraude on the Official Isabey Online Boutique | A bewitching and opulent perfume | Niche French Perfumery since 1924\" \/>\n<meta name=\"robots\" content=\"index, follow, max-snippet:-1, max-image-preview:large, max-video-preview:-1\" \/>\n<link rel=\"canonical\" href=\"https:\/\/isabeyparfums.com\/fr\/produit-2\/la-route-demeraude\/\" \/>\n<meta property=\"og:locale\" content=\"fr_FR\" \/>\n<meta property=\"og:type\" content=\"article\" \/>\n<meta property=\"og:title\" content=\"La Route d&#039;Emeraude\" \/>\n<meta property=\"og:description\" content=\"Discover La Route d&#039;Emeraude on the Official Isabey Online Boutique | A bewitching and opulent perfume | Niche French Perfumery since 1924\" \/>\n<meta property=\"og:url\" content=\"https:\/\/isabeyparfums.com\/fr\/produit-2\/la-route-demeraude\/\" \/>\n<meta property=\"og:site_name\" content=\"Isabey\" \/>\n<meta property=\"article:publisher\" content=\"https:\/\/fr-fr.facebook.com\/isabeyparisparfums\/\" \/>\n<meta property=\"article:modified_time\" content=\"2025-12-12T10:35:58+00:00\" \/>\n<meta property=\"og:image\" content=\"https:\/\/isabeyparfums.com\/wp-content\/uploads\/2023\/07\/HD-La-Route-dEmeraude-50ml-1024x1024.jpg\" \/>\n\t<meta property=\"og:image:width\" content=\"1024\" \/>\n\t<meta property=\"og:image:height\" content=\"1024\" \/>\n\t<meta property=\"og:image:type\" content=\"image\/jpeg\" \/>\n<meta name=\"twitter:card\" content=\"summary_large_image\" \/>\n<meta name=\"twitter:label1\" content=\"Dur\u00e9e de lecture estim\u00e9e\" \/>\n\t<meta name=\"twitter:data1\" content=\"2 minutes\" \/>\n<script type=\"application\/ld+json\" class=\"yoast-schema-graph\">{\"@context\":\"https:\\\/\\\/schema.org\",\"@graph\":[{\"@type\":\"WebPage\",\"@id\":\"https:\\\/\\\/isabeyparfums.com\\\/product\\\/la-route-demeraude\\\/\",\"url\":\"https:\\\/\\\/isabeyparfums.com\\\/product\\\/la-route-demeraude\\\/\",\"name\":\"La Route d'Emeraude by Isabey | Isabey Official Boutique | Boutique Officielle\",\"isPartOf\":{\"@id\":\"https:\\\/\\\/isabeyparfums.com\\\/en\\\/#website\"},\"primaryImageOfPage\":{\"@id\":\"https:\\\/\\\/isabeyparfums.com\\\/product\\\/la-route-demeraude\\\/#primaryimage\"},\"image\":{\"@id\":\"https:\\\/\\\/isabeyparfums.com\\\/product\\\/la-route-demeraude\\\/#primaryimage\"},\"thumbnailUrl\":\"https:\\\/\\\/i0.wp.com\\\/isabeyparfums.com\\\/wp-content\\\/uploads\\\/2023\\\/07\\\/HD-La-Route-dEmeraude-50ml.jpg?fit=4480%2C4480&ssl=1\",\"datePublished\":\"2022-04-25T15:15:11+00:00\",\"dateModified\":\"2025-12-12T10:35:58+00:00\",\"description\":\"Discover La Route d'Emeraude on the Official Isabey Online Boutique | A bewitching and opulent perfume | Niche French Perfumery since 1924\",\"breadcrumb\":{\"@id\":\"https:\\\/\\\/isabeyparfums.com\\\/product\\\/la-route-demeraude\\\/#breadcrumb\"},\"inLanguage\":\"fr-FR\",\"potentialAction\":[{\"@type\":\"ReadAction\",\"target\":[\"https:\\\/\\\/isabeyparfums.com\\\/product\\\/la-route-demeraude\\\/\"]}]},{\"@type\":\"ImageObject\",\"inLanguage\":\"fr-FR\",\"@id\":\"https:\\\/\\\/isabeyparfums.com\\\/product\\\/la-route-demeraude\\\/#primaryimage\",\"url\":\"https:\\\/\\\/i0.wp.com\\\/isabeyparfums.com\\\/wp-content\\\/uploads\\\/2023\\\/07\\\/HD-La-Route-dEmeraude-50ml.jpg?fit=4480%2C4480&ssl=1\",\"contentUrl\":\"https:\\\/\\\/i0.wp.com\\\/isabeyparfums.com\\\/wp-content\\\/uploads\\\/2023\\\/07\\\/HD-La-Route-dEmeraude-50ml.jpg?fit=4480%2C4480&ssl=1\",\"width\":4480,\"height\":4480,\"caption\":\"La Route d'\u00c9meraude\"},{\"@type\":\"BreadcrumbList\",\"@id\":\"https:\\\/\\\/isabeyparfums.com\\\/product\\\/la-route-demeraude\\\/#breadcrumb\",\"itemListElement\":[{\"@type\":\"ListItem\",\"position\":1,\"name\":\"Home\",\"item\":\"https:\\\/\\\/isabeyparfums.com\\\/\"},{\"@type\":\"ListItem\",\"position\":2,\"name\":\"Products\",\"item\":\"https:\\\/\\\/isabeyparfums.com\\\/parfums\\\/\"},{\"@type\":\"ListItem\",\"position\":3,\"name\":\"La Route d&#8217;Emeraude\"}]},{\"@type\":\"WebSite\",\"@id\":\"https:\\\/\\\/isabeyparfums.com\\\/en\\\/#website\",\"url\":\"https:\\\/\\\/isabeyparfums.com\\\/en\\\/\",\"name\":\"Isabey\",\"description\":\"Parfumeur \u00e0 Paris depuis 1924\",\"publisher\":{\"@id\":\"https:\\\/\\\/isabeyparfums.com\\\/en\\\/#organization\"},\"alternateName\":\"Isabey Parfums\",\"potentialAction\":[{\"@type\":\"SearchAction\",\"target\":{\"@type\":\"EntryPoint\",\"urlTemplate\":\"https:\\\/\\\/isabeyparfums.com\\\/en\\\/?s={search_term_string}\"},\"query-input\":{\"@type\":\"PropertyValueSpecification\",\"valueRequired\":true,\"valueName\":\"search_term_string\"}}],\"inLanguage\":\"fr-FR\"},{\"@type\":\"Organization\",\"@id\":\"https:\\\/\\\/isabeyparfums.com\\\/en\\\/#organization\",\"name\":\"Isabey Parfums\",\"alternateName\":\"Isabey\",\"url\":\"https:\\\/\\\/isabeyparfums.com\\\/en\\\/\",\"logo\":{\"@type\":\"ImageObject\",\"inLanguage\":\"fr-FR\",\"@id\":\"https:\\\/\\\/isabeyparfums.com\\\/en\\\/#\\\/schema\\\/logo\\\/image\\\/\",\"url\":\"https:\\\/\\\/isabeyparfums.com\\\/wp-content\\\/uploads\\\/2022\\\/04\\\/625a2478-c74b-4a71-8570-7ded00683c09-e1699630971225.webp\",\"contentUrl\":\"https:\\\/\\\/isabeyparfums.com\\\/wp-content\\\/uploads\\\/2022\\\/04\\\/625a2478-c74b-4a71-8570-7ded00683c09-e1699630971225.webp\",\"width\":1280,\"height\":625,\"caption\":\"Isabey Parfums\"},\"image\":{\"@id\":\"https:\\\/\\\/isabeyparfums.com\\\/en\\\/#\\\/schema\\\/logo\\\/image\\\/\"},\"sameAs\":[\"https:\\\/\\\/fr-fr.facebook.com\\\/isabeyparisparfums\\\/\",\"https:\\\/\\\/www.instagram.com\\\/isabeyparisparfums\\\/?hl\"]}]}<\/script>\n<!-- \/ Yoast SEO Premium plugin. -->","yoast_head_json":{"title":"La Route d'Emeraude by Isabey | Isabey Official Boutique | Boutique Officielle","description":"Discover La Route d'Emeraude on the Official Isabey Online Boutique | A bewitching and opulent perfume | Niche French Perfumery since 1924","robots":{"index":"index","follow":"follow","max-snippet":"max-snippet:-1","max-image-preview":"max-image-preview:large","max-video-preview":"max-video-preview:-1"},"canonical":"https:\/\/isabeyparfums.com\/fr\/produit-2\/la-route-demeraude\/","og_locale":"fr_FR","og_type":"article","og_title":"La Route d'Emeraude","og_description":"Discover La Route d'Emeraude on the Official Isabey Online Boutique | A bewitching and opulent perfume | Niche French Perfumery since 1924","og_url":"https:\/\/isabeyparfums.com\/fr\/produit-2\/la-route-demeraude\/","og_site_name":"Isabey","article_publisher":"https:\/\/fr-fr.facebook.com\/isabeyparisparfums\/","article_modified_time":"2025-12-12T10:35:58+00:00","og_image":[{"width":1024,"height":1024,"url":"https:\/\/isabeyparfums.com\/wp-content\/uploads\/2023\/07\/HD-La-Route-dEmeraude-50ml-1024x1024.jpg","type":"image\/jpeg"}],"twitter_card":"summary_large_image","twitter_misc":{"Dur\u00e9e de lecture estim\u00e9e":"2 minutes"},"schema":{"@context":"https:\/\/schema.org","@graph":[{"@type":"WebPage","@id":"https:\/\/isabeyparfums.com\/product\/la-route-demeraude\/","url":"https:\/\/isabeyparfums.com\/product\/la-route-demeraude\/","name":"La Route d'Emeraude by Isabey | Isabey Official Boutique | Boutique Officielle","isPartOf":{"@id":"https:\/\/isabeyparfums.com\/en\/#website"},"primaryImageOfPage":{"@id":"https:\/\/isabeyparfums.com\/product\/la-route-demeraude\/#primaryimage"},"image":{"@id":"https:\/\/isabeyparfums.com\/product\/la-route-demeraude\/#primaryimage"},"thumbnailUrl":"https:\/\/i0.wp.com\/isabeyparfums.com\/wp-content\/uploads\/2023\/07\/HD-La-Route-dEmeraude-50ml.jpg?fit=4480%2C4480&ssl=1","datePublished":"2022-04-25T15:15:11+00:00","dateModified":"2025-12-12T10:35:58+00:00","description":"Discover La Route d'Emeraude on the Official Isabey Online Boutique | A bewitching and opulent perfume | Niche French Perfumery since 1924","breadcrumb":{"@id":"https:\/\/isabeyparfums.com\/product\/la-route-demeraude\/#breadcrumb"},"inLanguage":"fr-FR","potentialAction":[{"@type":"ReadAction","target":["https:\/\/isabeyparfums.com\/product\/la-route-demeraude\/"]}]},{"@type":"ImageObject","inLanguage":"fr-FR","@id":"https:\/\/isabeyparfums.com\/product\/la-route-demeraude\/#primaryimage","url":"https:\/\/i0.wp.com\/isabeyparfums.com\/wp-content\/uploads\/2023\/07\/HD-La-Route-dEmeraude-50ml.jpg?fit=4480%2C4480&ssl=1","contentUrl":"https:\/\/i0.wp.com\/isabeyparfums.com\/wp-content\/uploads\/2023\/07\/HD-La-Route-dEmeraude-50ml.jpg?fit=4480%2C4480&ssl=1","width":4480,"height":4480,"caption":"La Route d'\u00c9meraude"},{"@type":"BreadcrumbList","@id":"https:\/\/isabeyparfums.com\/product\/la-route-demeraude\/#breadcrumb","itemListElement":[{"@type":"ListItem","position":1,"name":"Home","item":"https:\/\/isabeyparfums.com\/"},{"@type":"ListItem","position":2,"name":"Products","item":"https:\/\/isabeyparfums.com\/parfums\/"},{"@type":"ListItem","position":3,"name":"La Route d&#8217;Emeraude"}]},{"@type":"WebSite","@id":"https:\/\/isabeyparfums.com\/en\/#website","url":"https:\/\/isabeyparfums.com\/en\/","name":"Isabey","description":"Parfumeur \u00e0 Paris depuis 1924","publisher":{"@id":"https:\/\/isabeyparfums.com\/en\/#organization"},"alternateName":"Isabey Parfums","potentialAction":[{"@type":"SearchAction","target":{"@type":"EntryPoint","urlTemplate":"https:\/\/isabeyparfums.com\/en\/?s={search_term_string}"},"query-input":{"@type":"PropertyValueSpecification","valueRequired":true,"valueName":"search_term_string"}}],"inLanguage":"fr-FR"},{"@type":"Organization","@id":"https:\/\/isabeyparfums.com\/en\/#organization","name":"Isabey Parfums","alternateName":"Isabey","url":"https:\/\/isabeyparfums.com\/en\/","logo":{"@type":"ImageObject","inLanguage":"fr-FR","@id":"https:\/\/isabeyparfums.com\/en\/#\/schema\/logo\/image\/","url":"https:\/\/isabeyparfums.com\/wp-content\/uploads\/2022\/04\/625a2478-c74b-4a71-8570-7ded00683c09-e1699630971225.webp","contentUrl":"https:\/\/isabeyparfums.com\/wp-content\/uploads\/2022\/04\/625a2478-c74b-4a71-8570-7ded00683c09-e1699630971225.webp","width":1280,"height":625,"caption":"Isabey Parfums"},"image":{"@id":"https:\/\/isabeyparfums.com\/en\/#\/schema\/logo\/image\/"},"sameAs":["https:\/\/fr-fr.facebook.com\/isabeyparisparfums\/","https:\/\/www.instagram.com\/isabeyparisparfums\/?hl"]}]}},"jetpack_publicize_connections":[],"jetpack_likes_enabled":true,"jetpack_sharing_enabled":true,"jetpack-related-posts":[],"_links":{"self":[{"href":"https:\/\/isabeyparfums.com\/fr\/wp-json\/wp\/v2\/product\/37","targetHints":{"allow":["GET"]}}],"collection":[{"href":"https:\/\/isabeyparfums.com\/fr\/wp-json\/wp\/v2\/product"}],"about":[{"href":"https:\/\/isabeyparfums.com\/fr\/wp-json\/wp\/v2\/types\/product"}],"version-history":[{"count":33,"href":"https:\/\/isabeyparfums.com\/fr\/wp-json\/wp\/v2\/product\/37\/revisions"}],"predecessor-version":[{"id":13441,"href":"https:\/\/isabeyparfums.com\/fr\/wp-json\/wp\/v2\/product\/37\/revisions\/13441"}],"wp:featuredmedia":[{"embeddable":true,"href":"https:\/\/isabeyparfums.com\/fr\/wp-json\/wp\/v2\/media\/5996"}],"wp:attachment":[{"href":"https:\/\/isabeyparfums.com\/fr\/wp-json\/wp\/v2\/media?parent=37"}],"wp:term":[{"taxonomy":"product_brand","embeddable":true,"href":"https:\/\/isabeyparfums.com\/fr\/wp-json\/wp\/v2\/product_brand?post=37"},{"taxonomy":"product_cat","embeddable":true,"href":"https:\/\/isabeyparfums.com\/fr\/wp-json\/wp\/v2\/product_cat?post=37"},{"taxonomy":"product_tag","embeddable":true,"href":"https:\/\/isabeyparfums.com\/fr\/wp-json\/wp\/v2\/product_tag?post=37"}],"curies":[{"name":"wp","href":"https:\/\/api.w.org\/{rel}","templated":true}]}}