{"id":32,"date":"2022-04-25T17:08:28","date_gmt":"2022-04-25T15:08:28","guid":{"rendered":"https:\/\/isabeyparfums.com\/?post_type=product&#038;p=32"},"modified":"2025-12-12T11:36:22","modified_gmt":"2025-12-12T10:36:22","slug":"fleur-nocturne","status":"publish","type":"product","link":"https:\/\/isabeyparfums.com\/it\/product\/fleur-nocturne\/","title":{"rendered":"Fleur Nocturne"},"content":{"rendered":"<h2 style=\"text-align: center;\">NOTE DI TESTA<\/h2>\n<p style=\"text-align: center;\"><em>Mandarino, Fiore di Albicocco, Pesca Bianca<\/em><\/p>\n<h2 style=\"text-align: center;\">NOTE DI CUORE<\/h2>\n<p style=\"text-align: center;\"><em>Gelsomino, Gardenia, Magnolia<\/em><\/p>\n<h2 style=\"text-align: center;\">NOTE DI BASE<\/h2>\n<p style=\"text-align: center;\"><em>Note Solari, Patchouli, Vaniglia<\/em><\/p>\n<h2 style=\"text-align: center;\">La Fragranza<\/h2>\n<p style=\"text-align: center;\">Floreale e legnosa, Fleur Nocturne di Isabey \u00e8 una fragranza luminosa, delicata e lussureggiante.<\/p>\n<h3 style=\"text-align: left;\"><em>Fleur Nocturne di Isabey:<\/em><\/h3>\n<p style=\"text-align: center;\">Fleur Nocturne di Jean Jacques presenta un accattivante bouquet floreale che fonde armoniosamente fiori bianchi e note fruttate, il tutto poggiato su una base sensuale. Jean Jacques, maestro di composizioni raffinate, ha creato con cura questa fragranza per evocare un senso di eleganza e profondit\u00e0.<\/p>\n<p style=\"text-align: center;\">La fragranza si apre con le note luminose e edificanti del mandarino, completate dalla delicata dolcezza del fiore di albicocca e della pesca bianca. Questa combinazione rinfrescante riporta alla mente la gioia di sperimentare un profumo creato con ingredienti nobili e preziosi, invitandoti nel suo mondo intricato.<\/p>\n<p style=\"text-align: center;\">Mentre si evolve, Fleur Nocturne rivela un cuore ricco di gelsomino, magnolia e gardenia. Questi tre fiori, noti per la loro rarit\u00e0 nei profumi di alta qualit\u00e0, creano un carattere floreale inebriante che \u00e8 sia cremoso che lussureggiante. L'interazione di queste note porta un'aria di raffinatezza, trascinando chi lo indossa in un giardino profumato al tramonto.<\/p>\n<p style=\"text-align: center;\">La fragranza si deposita in una base calda e invitante. Qui, le note solari conferiscono una luminosit\u00e0 radiosa, mentre la vaniglia aggiunge uno strato di dolcezza confortante. Il patchouli introduce sfumature terrose e sensuali, che culminano in una scia potente ma elegante. Questa combinazione offre un contrasto equilibrato, esaltando l'esperienza complessiva della fragranza.<\/p>\n<p style=\"text-align: center;\">Natural Spray Eau de Parfum: 50ml \/ 1.7 oz | 20ml \/ 0.67 oz<\/p>\n<p style=\"text-align: center;\" class=\" translation-block\">Profumiere :\u00a0<a href=\"https:\/\/isabeyparfums.com\/our-perfumers\/\" target=\"_self\">Jean Jacques<\/a><\/p>","protected":false},"excerpt":{"rendered":"<h2><img fetchpriority=\"high\" decoding=\"async\" class=\"size-medium wp-image-9752 aligncenter\" src=\"https:\/\/isabeyparfums.com\/wp-content\/uploads\/2022\/04\/MG_4955-copie-300x215.webp\" alt=\"Bleu de Chine Fleur Nocturne Isabey Original Perfume Bottles\" width=\"300\" height=\"215\" srcset=\"https:\/\/i0.wp.com\/isabeyparfums.com\/wp-content\/uploads\/2022\/04\/MG_4955-copie.webp?resize=300%2C215&amp;ssl=1 300w, https:\/\/i0.wp.com\/isabeyparfums.com\/wp-content\/uploads\/2022\/04\/MG_4955-copie.webp?resize=1024%2C735&amp;ssl=1 1024w, https:\/\/i0.wp.com\/isabeyparfums.com\/wp-content\/uploads\/2022\/04\/MG_4955-copie.webp?resize=768%2C552&amp;ssl=1 768w, https:\/\/i0.wp.com\/isabeyparfums.com\/wp-content\/uploads\/2022\/04\/MG_4955-copie.webp?resize=1536%2C1103&amp;ssl=1 1536w, https:\/\/i0.wp.com\/isabeyparfums.com\/wp-content\/uploads\/2022\/04\/MG_4955-copie.webp?resize=2048%2C1471&amp;ssl=1 2048w, https:\/\/i0.wp.com\/isabeyparfums.com\/wp-content\/uploads\/2022\/04\/MG_4955-copie.webp?resize=18%2C12&amp;ssl=1 18w, https:\/\/i0.wp.com\/isabeyparfums.com\/wp-content\/uploads\/2022\/04\/MG_4955-copie.webp?resize=600%2C431&amp;ssl=1 600w, https:\/\/i0.wp.com\/isabeyparfums.com\/wp-content\/uploads\/2022\/04\/MG_4955-copie.webp?w=1600&amp;ssl=1 1600w, https:\/\/i0.wp.com\/isabeyparfums.com\/wp-content\/uploads\/2022\/04\/MG_4955-copie.webp?w=2400&amp;ssl=1 2400w\" sizes=\"(max-width: 300px) 100vw, 300px\" \/><\/h2>\n<h2>La Storia<\/h2>\n<p>In 1925, Julien Viard designed a crystal masterpiece for the Perfume House Isabey, called &#8220;Bleu de Chine&#8221; evoking a universe of painted crystal, flowers, and dark amethyst. Only a few pieces, considered collectors\u2019 items, remain today; one of them is housed in the Museum of Perfume in Grasse, France. That same year, Ludwig Moser, along with a Crystal Master from Karlsbad, designed another bottle\u2014dark amethyst with hand-painted patterns, in a lozenge shape.<\/p>\n<p>When the decision was made to produce a contemporary version, the original name could not be used, as it had since been registered by another company. However, the spirit of &#8220;Bleu de Chine&#8221; was preserved by creating an exceptional scent, housed in a bottle treated with a unique process known as &#8220;Sublimation.&#8221; The dark blue color has been retained in the new edition.<\/p>\n<h4><\/h4>","protected":false},"featured_media":2236,"template":"","meta":{"jetpack_post_was_ever_published":false,"jetpack_publicize_message":"","jetpack_publicize_feature_enabled":true,"jetpack_social_post_already_shared":true,"jetpack_social_options":{"image_generator_settings":{"template":"highway","default_image_id":0,"font":"","enabled":false},"version":2}},"product_brand":[],"product_cat":[6344],"product_tag":[6424],"class_list":{"0":"post-32","1":"product","2":"type-product","3":"status-publish","4":"has-post-thumbnail","6":"product_cat-eau-de-parfum","7":"product_tag-fleur-nocturne","8":"product_shipping_class-eq-dhl","10":"first","11":"instock","12":"taxable","13":"shipping-taxable","14":"purchasable","15":"product-type-variable"},"yoast_head":"<!-- This site is optimized with the Yoast SEO Premium plugin v27.3 (Yoast SEO v27.3) - https:\/\/yoast.com\/product\/yoast-seo-premium-wordpress\/ -->\n<title>Fleur Nocturne by Isabey | Official Isabey Boutique | Boutique Officielle<\/title>\n<meta name=\"description\" content=\"Discover Fleur Nocturne on the Official Isabey Online Boutique | A floral woody fragrance by Jean Jacques | Niche French Perfumery since 1924\" \/>\n<meta name=\"robots\" content=\"index, follow, max-snippet:-1, max-image-preview:large, max-video-preview:-1\" \/>\n<link rel=\"canonical\" href=\"https:\/\/isabeyparfums.com\/it\/prodotto\/fleur-nocturne\/\" \/>\n<meta property=\"og:locale\" content=\"it_IT\" \/>\n<meta property=\"og:type\" content=\"article\" \/>\n<meta property=\"og:title\" content=\"Fleur Nocturne\" \/>\n<meta property=\"og:description\" content=\"Discover Fleur Nocturne on the Official Isabey Online Boutique | A floral woody fragrance by Jean Jacques | Niche French Perfumery since 1924\" \/>\n<meta property=\"og:url\" content=\"https:\/\/isabeyparfums.com\/it\/prodotto\/fleur-nocturne\/\" \/>\n<meta property=\"og:site_name\" content=\"Isabey\" \/>\n<meta property=\"article:publisher\" content=\"https:\/\/fr-fr.facebook.com\/isabeyparisparfums\/\" \/>\n<meta property=\"article:modified_time\" content=\"2025-12-12T10:36:22+00:00\" \/>\n<meta property=\"og:image\" content=\"https:\/\/isabeyparfums.com\/wp-content\/uploads\/2022\/11\/HD-Fleur-Nocturne-50ml-v5-1024x1024.jpg\" \/>\n\t<meta property=\"og:image:width\" content=\"1024\" \/>\n\t<meta property=\"og:image:height\" content=\"1024\" \/>\n\t<meta property=\"og:image:type\" content=\"image\/jpeg\" \/>\n<meta name=\"twitter:card\" content=\"summary_large_image\" \/>\n<meta name=\"twitter:label1\" content=\"Tempo di lettura stimato\" \/>\n\t<meta name=\"twitter:data1\" content=\"2 minuti\" \/>\n<script type=\"application\/ld+json\" class=\"yoast-schema-graph\">{\"@context\":\"https:\\\/\\\/schema.org\",\"@graph\":[{\"@type\":\"WebPage\",\"@id\":\"https:\\\/\\\/isabeyparfums.com\\\/product\\\/fleur-nocturne\\\/\",\"url\":\"https:\\\/\\\/isabeyparfums.com\\\/product\\\/fleur-nocturne\\\/\",\"name\":\"Fleur Nocturne by Isabey | Official Isabey Boutique | Boutique Officielle\",\"isPartOf\":{\"@id\":\"https:\\\/\\\/isabeyparfums.com\\\/en\\\/#website\"},\"primaryImageOfPage\":{\"@id\":\"https:\\\/\\\/isabeyparfums.com\\\/product\\\/fleur-nocturne\\\/#primaryimage\"},\"image\":{\"@id\":\"https:\\\/\\\/isabeyparfums.com\\\/product\\\/fleur-nocturne\\\/#primaryimage\"},\"thumbnailUrl\":\"https:\\\/\\\/i0.wp.com\\\/isabeyparfums.com\\\/wp-content\\\/uploads\\\/2022\\\/11\\\/HD-Fleur-Nocturne-50ml-v5.jpg?fit=4480%2C4480&ssl=1\",\"datePublished\":\"2022-04-25T15:08:28+00:00\",\"dateModified\":\"2025-12-12T10:36:22+00:00\",\"description\":\"Discover Fleur Nocturne on the Official Isabey Online Boutique | A floral woody fragrance by Jean Jacques | Niche French Perfumery since 1924\",\"breadcrumb\":{\"@id\":\"https:\\\/\\\/isabeyparfums.com\\\/product\\\/fleur-nocturne\\\/#breadcrumb\"},\"inLanguage\":\"it-IT\",\"potentialAction\":[{\"@type\":\"ReadAction\",\"target\":[\"https:\\\/\\\/isabeyparfums.com\\\/product\\\/fleur-nocturne\\\/\"]}]},{\"@type\":\"ImageObject\",\"inLanguage\":\"it-IT\",\"@id\":\"https:\\\/\\\/isabeyparfums.com\\\/product\\\/fleur-nocturne\\\/#primaryimage\",\"url\":\"https:\\\/\\\/i0.wp.com\\\/isabeyparfums.com\\\/wp-content\\\/uploads\\\/2022\\\/11\\\/HD-Fleur-Nocturne-50ml-v5.jpg?fit=4480%2C4480&ssl=1\",\"contentUrl\":\"https:\\\/\\\/i0.wp.com\\\/isabeyparfums.com\\\/wp-content\\\/uploads\\\/2022\\\/11\\\/HD-Fleur-Nocturne-50ml-v5.jpg?fit=4480%2C4480&ssl=1\",\"width\":4480,\"height\":4480,\"caption\":\"Fleur Nocturne\"},{\"@type\":\"BreadcrumbList\",\"@id\":\"https:\\\/\\\/isabeyparfums.com\\\/product\\\/fleur-nocturne\\\/#breadcrumb\",\"itemListElement\":[{\"@type\":\"ListItem\",\"position\":1,\"name\":\"Home\",\"item\":\"https:\\\/\\\/isabeyparfums.com\\\/\"},{\"@type\":\"ListItem\",\"position\":2,\"name\":\"Products\",\"item\":\"https:\\\/\\\/isabeyparfums.com\\\/parfums\\\/\"},{\"@type\":\"ListItem\",\"position\":3,\"name\":\"Fleur Nocturne\"}]},{\"@type\":\"WebSite\",\"@id\":\"https:\\\/\\\/isabeyparfums.com\\\/en\\\/#website\",\"url\":\"https:\\\/\\\/isabeyparfums.com\\\/en\\\/\",\"name\":\"Isabey\",\"description\":\"Parfumeur \u00e0 Paris depuis 1924\",\"publisher\":{\"@id\":\"https:\\\/\\\/isabeyparfums.com\\\/en\\\/#organization\"},\"alternateName\":\"Isabey Parfums\",\"potentialAction\":[{\"@type\":\"SearchAction\",\"target\":{\"@type\":\"EntryPoint\",\"urlTemplate\":\"https:\\\/\\\/isabeyparfums.com\\\/en\\\/?s={search_term_string}\"},\"query-input\":{\"@type\":\"PropertyValueSpecification\",\"valueRequired\":true,\"valueName\":\"search_term_string\"}}],\"inLanguage\":\"it-IT\"},{\"@type\":\"Organization\",\"@id\":\"https:\\\/\\\/isabeyparfums.com\\\/en\\\/#organization\",\"name\":\"Isabey Parfums\",\"alternateName\":\"Isabey\",\"url\":\"https:\\\/\\\/isabeyparfums.com\\\/en\\\/\",\"logo\":{\"@type\":\"ImageObject\",\"inLanguage\":\"it-IT\",\"@id\":\"https:\\\/\\\/isabeyparfums.com\\\/en\\\/#\\\/schema\\\/logo\\\/image\\\/\",\"url\":\"https:\\\/\\\/isabeyparfums.com\\\/wp-content\\\/uploads\\\/2022\\\/04\\\/625a2478-c74b-4a71-8570-7ded00683c09-e1699630971225.webp\",\"contentUrl\":\"https:\\\/\\\/isabeyparfums.com\\\/wp-content\\\/uploads\\\/2022\\\/04\\\/625a2478-c74b-4a71-8570-7ded00683c09-e1699630971225.webp\",\"width\":1280,\"height\":625,\"caption\":\"Isabey Parfums\"},\"image\":{\"@id\":\"https:\\\/\\\/isabeyparfums.com\\\/en\\\/#\\\/schema\\\/logo\\\/image\\\/\"},\"sameAs\":[\"https:\\\/\\\/fr-fr.facebook.com\\\/isabeyparisparfums\\\/\",\"https:\\\/\\\/www.instagram.com\\\/isabeyparisparfums\\\/?hl\"]}]}<\/script>\n<!-- \/ Yoast SEO Premium plugin. -->","yoast_head_json":{"title":"Fleur Nocturne by Isabey | Official Isabey Boutique | Boutique Officielle","description":"Discover Fleur Nocturne on the Official Isabey Online Boutique | A floral woody fragrance by Jean Jacques | Niche French Perfumery since 1924","robots":{"index":"index","follow":"follow","max-snippet":"max-snippet:-1","max-image-preview":"max-image-preview:large","max-video-preview":"max-video-preview:-1"},"canonical":"https:\/\/isabeyparfums.com\/it\/prodotto\/fleur-nocturne\/","og_locale":"it_IT","og_type":"article","og_title":"Fleur Nocturne","og_description":"Discover Fleur Nocturne on the Official Isabey Online Boutique | A floral woody fragrance by Jean Jacques | Niche French Perfumery since 1924","og_url":"https:\/\/isabeyparfums.com\/it\/prodotto\/fleur-nocturne\/","og_site_name":"Isabey","article_publisher":"https:\/\/fr-fr.facebook.com\/isabeyparisparfums\/","article_modified_time":"2025-12-12T10:36:22+00:00","og_image":[{"width":1024,"height":1024,"url":"https:\/\/isabeyparfums.com\/wp-content\/uploads\/2022\/11\/HD-Fleur-Nocturne-50ml-v5-1024x1024.jpg","type":"image\/jpeg"}],"twitter_card":"summary_large_image","twitter_misc":{"Tempo di lettura stimato":"2 minuti"},"schema":{"@context":"https:\/\/schema.org","@graph":[{"@type":"WebPage","@id":"https:\/\/isabeyparfums.com\/product\/fleur-nocturne\/","url":"https:\/\/isabeyparfums.com\/product\/fleur-nocturne\/","name":"Fleur Nocturne by Isabey | Official Isabey Boutique | Boutique Officielle","isPartOf":{"@id":"https:\/\/isabeyparfums.com\/en\/#website"},"primaryImageOfPage":{"@id":"https:\/\/isabeyparfums.com\/product\/fleur-nocturne\/#primaryimage"},"image":{"@id":"https:\/\/isabeyparfums.com\/product\/fleur-nocturne\/#primaryimage"},"thumbnailUrl":"https:\/\/i0.wp.com\/isabeyparfums.com\/wp-content\/uploads\/2022\/11\/HD-Fleur-Nocturne-50ml-v5.jpg?fit=4480%2C4480&ssl=1","datePublished":"2022-04-25T15:08:28+00:00","dateModified":"2025-12-12T10:36:22+00:00","description":"Discover Fleur Nocturne on the Official Isabey Online Boutique | A floral woody fragrance by Jean Jacques | Niche French Perfumery since 1924","breadcrumb":{"@id":"https:\/\/isabeyparfums.com\/product\/fleur-nocturne\/#breadcrumb"},"inLanguage":"it-IT","potentialAction":[{"@type":"ReadAction","target":["https:\/\/isabeyparfums.com\/product\/fleur-nocturne\/"]}]},{"@type":"ImageObject","inLanguage":"it-IT","@id":"https:\/\/isabeyparfums.com\/product\/fleur-nocturne\/#primaryimage","url":"https:\/\/i0.wp.com\/isabeyparfums.com\/wp-content\/uploads\/2022\/11\/HD-Fleur-Nocturne-50ml-v5.jpg?fit=4480%2C4480&ssl=1","contentUrl":"https:\/\/i0.wp.com\/isabeyparfums.com\/wp-content\/uploads\/2022\/11\/HD-Fleur-Nocturne-50ml-v5.jpg?fit=4480%2C4480&ssl=1","width":4480,"height":4480,"caption":"Fleur Nocturne"},{"@type":"BreadcrumbList","@id":"https:\/\/isabeyparfums.com\/product\/fleur-nocturne\/#breadcrumb","itemListElement":[{"@type":"ListItem","position":1,"name":"Home","item":"https:\/\/isabeyparfums.com\/"},{"@type":"ListItem","position":2,"name":"Products","item":"https:\/\/isabeyparfums.com\/parfums\/"},{"@type":"ListItem","position":3,"name":"Fleur Nocturne"}]},{"@type":"WebSite","@id":"https:\/\/isabeyparfums.com\/en\/#website","url":"https:\/\/isabeyparfums.com\/en\/","name":"Isabey","description":"Parfumeur \u00e0 Paris depuis 1924","publisher":{"@id":"https:\/\/isabeyparfums.com\/en\/#organization"},"alternateName":"Isabey Parfums","potentialAction":[{"@type":"SearchAction","target":{"@type":"EntryPoint","urlTemplate":"https:\/\/isabeyparfums.com\/en\/?s={search_term_string}"},"query-input":{"@type":"PropertyValueSpecification","valueRequired":true,"valueName":"search_term_string"}}],"inLanguage":"it-IT"},{"@type":"Organization","@id":"https:\/\/isabeyparfums.com\/en\/#organization","name":"Isabey Parfums","alternateName":"Isabey","url":"https:\/\/isabeyparfums.com\/en\/","logo":{"@type":"ImageObject","inLanguage":"it-IT","@id":"https:\/\/isabeyparfums.com\/en\/#\/schema\/logo\/image\/","url":"https:\/\/isabeyparfums.com\/wp-content\/uploads\/2022\/04\/625a2478-c74b-4a71-8570-7ded00683c09-e1699630971225.webp","contentUrl":"https:\/\/isabeyparfums.com\/wp-content\/uploads\/2022\/04\/625a2478-c74b-4a71-8570-7ded00683c09-e1699630971225.webp","width":1280,"height":625,"caption":"Isabey Parfums"},"image":{"@id":"https:\/\/isabeyparfums.com\/en\/#\/schema\/logo\/image\/"},"sameAs":["https:\/\/fr-fr.facebook.com\/isabeyparisparfums\/","https:\/\/www.instagram.com\/isabeyparisparfums\/?hl"]}]}},"jetpack_publicize_connections":[],"jetpack_likes_enabled":true,"jetpack_sharing_enabled":true,"jetpack-related-posts":[],"_links":{"self":[{"href":"https:\/\/isabeyparfums.com\/it\/wp-json\/wp\/v2\/product\/32","targetHints":{"allow":["GET"]}}],"collection":[{"href":"https:\/\/isabeyparfums.com\/it\/wp-json\/wp\/v2\/product"}],"about":[{"href":"https:\/\/isabeyparfums.com\/it\/wp-json\/wp\/v2\/types\/product"}],"version-history":[{"count":30,"href":"https:\/\/isabeyparfums.com\/it\/wp-json\/wp\/v2\/product\/32\/revisions"}],"predecessor-version":[{"id":13442,"href":"https:\/\/isabeyparfums.com\/it\/wp-json\/wp\/v2\/product\/32\/revisions\/13442"}],"wp:featuredmedia":[{"embeddable":true,"href":"https:\/\/isabeyparfums.com\/it\/wp-json\/wp\/v2\/media\/2236"}],"wp:attachment":[{"href":"https:\/\/isabeyparfums.com\/it\/wp-json\/wp\/v2\/media?parent=32"}],"wp:term":[{"taxonomy":"product_brand","embeddable":true,"href":"https:\/\/isabeyparfums.com\/it\/wp-json\/wp\/v2\/product_brand?post=32"},{"taxonomy":"product_cat","embeddable":true,"href":"https:\/\/isabeyparfums.com\/it\/wp-json\/wp\/v2\/product_cat?post=32"},{"taxonomy":"product_tag","embeddable":true,"href":"https:\/\/isabeyparfums.com\/it\/wp-json\/wp\/v2\/product_tag?post=32"}],"curies":[{"name":"wp","href":"https:\/\/api.w.org\/{rel}","templated":true}]}}